{"id":96,"date":"2019-03-28T09:23:35","date_gmt":"2019-03-28T09:23:35","guid":{"rendered":"http:\/\/fveh.be\/?page_id=96"},"modified":"2019-04-01T08:48:40","modified_gmt":"2019-04-01T08:48:40","slug":"qui-sommes-nous","status":"publish","type":"page","link":"https:\/\/www.fveh.be\/?page_id=96","title":{"rendered":"Notre ASBL"},"content":{"rendered":"<div id=\"pl-96\"  class=\"panel-layout\" ><div id=\"pg-96-0\"  class=\"panel-grid panel-no-style\" ><div id=\"pgc-96-0-0\"  class=\"panel-grid-cell\" ><div id=\"panel-96-0-0-0\" class=\"so-panel widget widget_black-studio-tinymce widget_black_studio_tinymce panel-first-child panel-last-child\" data-index=\"0\" ><div class=\"textwidget\"><p>&nbsp;<\/p>\n<p> <\/p>\n<\/div><\/div><\/div><div id=\"pgc-96-0-1\"  class=\"panel-grid-cell\" ><div id=\"panel-96-0-1-0\" class=\"so-panel widget widget_black-studio-tinymce widget_black_studio_tinymce panel-first-child panel-last-child\" data-index=\"1\" ><div class=\"textwidget\"><p>&nbsp;<\/p>\n<h4 style=\"text-align: justify;\"><span style=\"text-decoration: underline;\"><strong>Notre but<\/strong><\/span> :<\/h4>\n<p style=\"text-align: justify;\">Notre association a pour objet la mise en valeur du patrimoine rural, naturel, artisanal et environnemental de l' Entre Sambre et Meuse via la promotion du savoir-faire local, en particulier ses aspects ruraux (artisans,culture,traditions,..) et la mise en valeur du patrimoine environnemental et nature.<\/p>\n<p>Pour ce faire, l'association organise :<\/p>\n<ul>\n<li style=\"text-align: justify;\">L'\u00e9v\u00e9nement annuel intitul\u00e9 la \u00abFOIRE VERTE DE L'EAU D'HEURE\u00bb sur le site du Moulin \u00e0 Cerfontaine les 1er week-end d'ao\u00fbt.<\/li>\n<li style=\"text-align: justify;\">Les week-end : \u00abLE MARCHE DU TERROIR et LA BROCANTE\u00bb de Silenrieux, avec la tenue d'une vitrine du terroir et vente de sp\u00e9cialit\u00e9s du Qu\u00e9bec et bi\u00e8res BIO de la brasserie de Silenrieux.<\/li>\n<li style=\"text-align: justify;\">Le projet \u00abECO-VITRINE\u00bb aux sources de l'Eau d'Heure qui vise la sensibilisation et la d\u00e9couverte l'environnement, la nature et la biodiversit\u00e9.<\/li>\n<\/ul>\n<h4><strong><span style=\"text-decoration: underline;\">Historique<\/span> :<\/strong><\/h4>\n<ul>\n<li style=\"text-align: justify;\">En 1992, la premi\u00e8re \u00e9dition de la Foire Verte de l'Eau d'Heure \u00e0 Silenrieux se fixe comme objectif la valorisation du terroir de l'Entre Sambre et Meuse et ce au travers d'expositions, de concours agricoles, de march\u00e9s du terroir, d'artistes et artisans.\u00a0\u00a0La rencontre avec les cousins Qu\u00e9b\u00e9cois, et en particulier avec \"Louiseville\" et le \"Festival international de la galette de sarrasin\", est source d'inspiration et d'\u00e9changes pour atteindre de fa\u00e7on originale les objectifs vis\u00e9s.<\/li>\n<li style=\"text-align: justify;\">De 1993 \u00e0 1998, la \"Foire Verte de l'Eau d'Heure\" recherche les moyens de valoriser les traditions \u00e0 l'ann\u00e9e. Ainsi, dans la foul\u00e9e de l'\u00e9v\u00e9nement estival, un march\u00e9 du terroir et une brocante hebdomadaire sont cr\u00e9\u00e9s \u00e0 Silenrieux. La renomm\u00e9e et le succ\u00e8s sont au rendez-vous pour le grand plaisir des nombreux touristes des Lacs de l'Eau d'Heure.<\/li>\n<li style=\"text-align: justify;\">En 1999, pour des raisons d'exiguit\u00e9, l'\u00e9v\u00e9nement estival s'installe au lieu- dit \"Les S\u00e9choirs\" \u00e0 Cerfontaine.\u00a0 Les relations avec le Qu\u00e9bec se perp\u00e9tuent et s'intensifient (Jumelage, missions \u00e9conomiques, \"Jules Baribeaux\" alias le P\u00e8re Sarrasin devient Citoyen d'honneur de Cerfontaine en 2000, ...)<\/li>\n<li style=\"text-align: justify;\">En 2002, c'est l'ann\u00e9e du RAVEL et du succ\u00e8s... avec plus de 20000 visiteurs, une \u00e9tape est franchie...<\/li>\n<li style=\"text-align: justify;\">De 2003 \u00e0 2006, la \"Foire Verte\" s'ouvre davantage au tourisme, en partenariat avec l'Office du Tourisme, avec l'accueil de la Bourgogne et des Ardennes fran\u00e7aises.\u00a0 S'en suivent aussi les \u00e9changes avec les Confr\u00e9ries qui aboutissent \u00e0 la cr\u00e9ation de la Confr\u00e9rie des Sabotiers de l'Eau d'Heure et de la Confr\u00e9rie des Sarrasins au Qu\u00e9bec!<\/li>\n<li style=\"text-align: justify;\">En 2007, c'est le tournant... la \"Foire Verte\" investit le site du moulin et d\u00e9veloppe la th\u00e9matique \"Nature et Environnement\".\u00a0 Le \"fil vert\" des activit\u00e9s de l'association s'est accentu\u00e9, l'\u00e9v\u00e9nement s'est fix\u00e9 et le succ\u00e8s est grandissant pour atteindre les 25000 visiteurs. Le projet d'une vitrine permanente sur la nature aux sources de l'Eau d'Heure se d\u00e9veloppe avec la R\u00e9gion Wallonne et les Cercles des Naturalistes de Belgique.<\/li>\n<li style=\"text-align: justify;\">En 2011, nouvelles \u00e9tapes... l'ASBL a f\u00eat\u00e9 ses 20 ans avec l'inauguration de la rue du \"Qu\u00e9bec\" \u00e0 Cerfontaine, une exclusivit\u00e9 en Belgique et la cr\u00e9ation d'un site permanent de sensibilisation \u00e0 la nature, \u00e0 savoir \"l'Eco-vitrine des lacs de l'eau d'heure\" !<\/li>\n<li style=\"text-align: justify;\">En mars 2012, cr\u00e9ation d'une nouvelle section des Cercles des Naturalistes de Belgique, lors de l'assembl\u00e9e g\u00e9n\u00e9rale annuelle qui s'est tenue \u00e0 Gembloux.\u00a0 La section des\"Lacs de l'eau d'heure\" est n\u00e9e.\u00a0 Les activit\u00e9s s'organisant sur et \u00e0 partir du site de l'Eco-vitrine.<\/li>\n<\/ul>\n<p>&nbsp;<\/p>\n<\/div><\/div><\/div><\/div><\/div>","protected":false},"excerpt":{"rendered":"<p>&nbsp; &nbsp; Notre but : Notre association a pour objet la mise en valeur du patrimoine rural, naturel, artisanal et environnemental de l&rsquo; Entre Sambre et Meuse via la promotion du savoir-faire local, en particulier ses aspects ruraux (artisans,culture,traditions,..) et la mise en valeur du patrimoine environnemental et nature. Pour ce faire, l&rsquo;association organise : <a class=\"read-more-link\" href=\"https:\/\/www.fveh.be\/?page_id=96\">Lire la suite&#8230;<\/a><\/p>\n","protected":false},"author":2,"featured_media":0,"parent":0,"menu_order":0,"comment_status":"closed","ping_status":"closed","template":"template-builder-page.php","meta":{"_acf_changed":false,"jetpack_post_was_ever_published":false,"footnotes":""},"class_list":["post-96","page","type-page","status-publish","hentry"],"acf":[],"jetpack_sharing_enabled":true,"jetpack_shortlink":"https:\/\/wp.me\/PaRd9Q-1y","_links":{"self":[{"href":"https:\/\/www.fveh.be\/index.php?rest_route=\/wp\/v2\/pages\/96","targetHints":{"allow":["GET"]}}],"collection":[{"href":"https:\/\/www.fveh.be\/index.php?rest_route=\/wp\/v2\/pages"}],"about":[{"href":"https:\/\/www.fveh.be\/index.php?rest_route=\/wp\/v2\/types\/page"}],"author":[{"embeddable":true,"href":"https:\/\/www.fveh.be\/index.php?rest_route=\/wp\/v2\/users\/2"}],"replies":[{"embeddable":true,"href":"https:\/\/www.fveh.be\/index.php?rest_route=%2Fwp%2Fv2%2Fcomments&post=96"}],"version-history":[{"count":8,"href":"https:\/\/www.fveh.be\/index.php?rest_route=\/wp\/v2\/pages\/96\/revisions"}],"predecessor-version":[{"id":317,"href":"https:\/\/www.fveh.be\/index.php?rest_route=\/wp\/v2\/pages\/96\/revisions\/317"}],"wp:attachment":[{"href":"https:\/\/www.fveh.be\/index.php?rest_route=%2Fwp%2Fv2%2Fmedia&parent=96"}],"curies":[{"name":"wp","href":"https:\/\/api.w.org\/{rel}","templated":true}]}}