{"id":808,"date":"2019-08-06T13:16:41","date_gmt":"2019-08-06T13:16:41","guid":{"rendered":"http:\/\/fveh.be\/?page_id=808"},"modified":"2019-10-04T08:53:19","modified_gmt":"2019-10-04T08:53:19","slug":"programme-2018-2-2-2","status":"publish","type":"page","link":"https:\/\/www.fveh.be\/?page_id=808","title":{"rendered":"Album Souvenir 2019"},"content":{"rendered":"<div id=\"pl-808\"  class=\"panel-layout\" ><div id=\"pg-808-0\"  class=\"panel-grid panel-no-style\" ><div id=\"pgc-808-0-0\"  class=\"panel-grid-cell\" ><div id=\"panel-808-0-0-0\" class=\"so-panel widget widget_black-studio-tinymce widget_black_studio_tinymce panel-first-child panel-last-child\" data-index=\"0\" ><div class=\"textwidget\"><h4><span style=\"color: #ffffff;\">.<\/span><\/h4>\n<h4 style=\"text-align: center;\"><strong>Certains d'entre-vous se souviendront avoir \u00e9t\u00e9 pr\u00e9sents !<br \/>\nVous n'avez jamais visit\u00e9 notre Foire Verte ?\u00a0 Ces albums photos vous donneront des envies de visite !<\/strong><\/h4>\n<\/div><\/div><\/div><\/div><div id=\"pg-808-1\"  class=\"panel-grid panel-no-style\" ><div id=\"pgc-808-1-0\"  class=\"panel-grid-cell\" ><div id=\"panel-808-1-0-0\" class=\"so-panel widget widget_black-studio-tinymce widget_black_studio_tinymce panel-first-child panel-last-child\" data-index=\"1\" ><div class=\"textwidget\"><h4 style=\"text-align: center;\"><a href=\"https:\/\/www.fveh.be\/?page_id=831\" target=\"_blank\" rel=\"noopener\">ASBL 2019<\/a><\/h4>\n<p><a href=\"https:\/\/www.fveh.be\/?page_id=831\" target=\"_blank\" rel=\"noopener\"><img loading=\"lazy\" decoding=\"async\" class=\"alignnone size-medium wp-image-810 aligncenter\" src=\"https:\/\/www.fveh.be\/wp-content\/uploads\/2019\/08\/ASBL-1-300x200.jpg\" alt=\"\" width=\"300\" height=\"200\" srcset=\"https:\/\/www.fveh.be\/wp-content\/uploads\/2019\/08\/ASBL-1-300x200.jpg 300w, https:\/\/www.fveh.be\/wp-content\/uploads\/2019\/08\/ASBL-1-768x511.jpg 768w, https:\/\/www.fveh.be\/wp-content\/uploads\/2019\/08\/ASBL-1-1024x681.jpg 1024w, https:\/\/www.fveh.be\/wp-content\/uploads\/2019\/08\/ASBL-1-555x369.jpg 555w, https:\/\/www.fveh.be\/wp-content\/uploads\/2019\/08\/ASBL-1-1320x878.jpg 1320w, https:\/\/www.fveh.be\/wp-content\/uploads\/2019\/08\/ASBL-1-272x182.jpg 272w\" sizes=\"auto, (max-width: 300px) 100vw, 300px\" \/><\/a><\/p>\n<\/div><\/div><\/div><div id=\"pgc-808-1-1\"  class=\"panel-grid-cell\" ><div id=\"panel-808-1-1-0\" class=\"so-panel widget widget_black-studio-tinymce widget_black_studio_tinymce panel-first-child panel-last-child\" data-index=\"2\" ><div class=\"textwidget\"><h4 style=\"text-align: center;\"><a href=\"https:\/\/www.fveh.be\/?page_id=857\" target=\"_blank\" rel=\"noopener\">\"Tr\u00e8s Nature\" 2019<\/a><\/h4>\n<p><a href=\"https:\/\/www.fveh.be\/?page_id=857\" target=\"_blank\" rel=\"noopener\"><img loading=\"lazy\" decoding=\"async\" class=\"aligncenter wp-image-814\" src=\"https:\/\/www.fveh.be\/wp-content\/uploads\/2019\/08\/DSC02176-300x197.jpg\" alt=\"\" width=\"304\" height=\"200\" srcset=\"https:\/\/www.fveh.be\/wp-content\/uploads\/2019\/08\/DSC02176-300x197.jpg 300w, https:\/\/www.fveh.be\/wp-content\/uploads\/2019\/08\/DSC02176-768x505.jpg 768w, https:\/\/www.fveh.be\/wp-content\/uploads\/2019\/08\/DSC02176-1024x673.jpg 1024w, https:\/\/www.fveh.be\/wp-content\/uploads\/2019\/08\/DSC02176-555x365.jpg 555w, https:\/\/www.fveh.be\/wp-content\/uploads\/2019\/08\/DSC02176-1320x868.jpg 1320w\" sizes=\"auto, (max-width: 304px) 100vw, 304px\" \/><\/a><\/p>\n<\/div><\/div><\/div><div id=\"pgc-808-1-2\"  class=\"panel-grid-cell\" ><div id=\"panel-808-1-2-0\" class=\"so-panel widget widget_black-studio-tinymce widget_black_studio_tinymce panel-first-child panel-last-child\" data-index=\"3\" ><div class=\"textwidget\"><h4 style=\"text-align: center;\"><a href=\"https:\/\/www.fveh.be\/?page_id=876\">\"Tr\u00e8s Terroir\" 2019<\/a><\/h4>\n<p><a href=\"https:\/\/www.fveh.be\/?page_id=876\"><img loading=\"lazy\" decoding=\"async\" class=\"aligncenter wp-image-812 size-medium\" src=\"https:\/\/www.fveh.be\/wp-content\/uploads\/2019\/08\/DSC02377-300x200.jpg\" alt=\"\" width=\"300\" height=\"200\" srcset=\"https:\/\/www.fveh.be\/wp-content\/uploads\/2019\/08\/DSC02377-300x200.jpg 300w, https:\/\/www.fveh.be\/wp-content\/uploads\/2019\/08\/DSC02377-768x511.jpg 768w, https:\/\/www.fveh.be\/wp-content\/uploads\/2019\/08\/DSC02377-1024x681.jpg 1024w, https:\/\/www.fveh.be\/wp-content\/uploads\/2019\/08\/DSC02377-555x369.jpg 555w, https:\/\/www.fveh.be\/wp-content\/uploads\/2019\/08\/DSC02377-1320x878.jpg 1320w, https:\/\/www.fveh.be\/wp-content\/uploads\/2019\/08\/DSC02377-272x182.jpg 272w\" sizes=\"auto, (max-width: 300px) 100vw, 300px\" \/><\/a><\/p>\n<\/div><\/div><\/div><div id=\"pgc-808-1-3\"  class=\"panel-grid-cell\" ><div id=\"panel-808-1-3-0\" class=\"so-panel widget widget_black-studio-tinymce widget_black_studio_tinymce panel-first-child panel-last-child\" data-index=\"4\" ><div class=\"textwidget\"><h4 style=\"text-align: center;\"><a href=\"https:\/\/www.fveh.be\/?page_id=896\">\"Tr\u00e8s Musique\" 2019<\/a><\/h4>\n<p><a href=\"https:\/\/www.fveh.be\/?page_id=896\"><img loading=\"lazy\" decoding=\"async\" class=\"aligncenter wp-image-813\" src=\"https:\/\/www.fveh.be\/wp-content\/uploads\/2019\/08\/DSC02241-300x192.jpg\" alt=\"\" width=\"313\" height=\"200\" srcset=\"https:\/\/www.fveh.be\/wp-content\/uploads\/2019\/08\/DSC02241-300x192.jpg 300w, https:\/\/www.fveh.be\/wp-content\/uploads\/2019\/08\/DSC02241-768x490.jpg 768w, https:\/\/www.fveh.be\/wp-content\/uploads\/2019\/08\/DSC02241-1024x654.jpg 1024w, https:\/\/www.fveh.be\/wp-content\/uploads\/2019\/08\/DSC02241-555x354.jpg 555w, https:\/\/www.fveh.be\/wp-content\/uploads\/2019\/08\/DSC02241-1320x843.jpg 1320w\" sizes=\"auto, (max-width: 313px) 100vw, 313px\" \/><\/a><\/p>\n<\/div><\/div><\/div><\/div><div id=\"pg-808-2\"  class=\"panel-grid panel-no-style\" ><div id=\"pgc-808-2-0\"  class=\"panel-grid-cell\" ><div id=\"panel-808-2-0-0\" class=\"so-panel widget widget_black-studio-tinymce widget_black_studio_tinymce panel-first-child panel-last-child\" data-index=\"5\" ><div class=\"textwidget\"><h4 style=\"text-align: center;\"><a href=\"https:\/\/www.fveh.be\/?page_id=991\">Haras Mill\u00e9sime 2019<\/a><\/h4>\n<p style=\"text-align: center;\"><a href=\"https:\/\/www.fveh.be\/?page_id=991\"><img loading=\"lazy\" decoding=\"async\" class=\"alignnone size-medium wp-image-818\" src=\"https:\/\/www.fveh.be\/wp-content\/uploads\/2019\/08\/DSC02160-300x200.jpg\" alt=\"\" width=\"300\" height=\"200\" srcset=\"https:\/\/www.fveh.be\/wp-content\/uploads\/2019\/08\/DSC02160-300x200.jpg 300w, https:\/\/www.fveh.be\/wp-content\/uploads\/2019\/08\/DSC02160-768x511.jpg 768w, https:\/\/www.fveh.be\/wp-content\/uploads\/2019\/08\/DSC02160-1024x681.jpg 1024w, https:\/\/www.fveh.be\/wp-content\/uploads\/2019\/08\/DSC02160-555x369.jpg 555w, https:\/\/www.fveh.be\/wp-content\/uploads\/2019\/08\/DSC02160-1320x878.jpg 1320w, https:\/\/www.fveh.be\/wp-content\/uploads\/2019\/08\/DSC02160-272x182.jpg 272w\" sizes=\"auto, (max-width: 300px) 100vw, 300px\" \/><\/a><\/p>\n<\/div><\/div><\/div><div id=\"pgc-808-2-1\"  class=\"panel-grid-cell\" ><div id=\"panel-808-2-1-0\" class=\"so-panel widget widget_black-studio-tinymce widget_black_studio_tinymce panel-first-child panel-last-child\" data-index=\"6\" ><div class=\"textwidget\"><h4 style=\"text-align: center;\"><a href=\"https:\/\/www.fveh.be\/?page_id=992\">Dressage Canin 2019<\/a><\/h4>\n<p><a href=\"https:\/\/www.fveh.be\/?page_id=992\"><img loading=\"lazy\" decoding=\"async\" class=\"alignnone wp-image-817 aligncenter\" src=\"https:\/\/www.fveh.be\/wp-content\/uploads\/2019\/08\/DSC02205-300x229.jpg\" alt=\"\" width=\"232\" height=\"177\" srcset=\"https:\/\/www.fveh.be\/wp-content\/uploads\/2019\/08\/DSC02205-300x229.jpg 300w, https:\/\/www.fveh.be\/wp-content\/uploads\/2019\/08\/DSC02205-768x585.jpg 768w, https:\/\/www.fveh.be\/wp-content\/uploads\/2019\/08\/DSC02205-1024x780.jpg 1024w, https:\/\/www.fveh.be\/wp-content\/uploads\/2019\/08\/DSC02205-555x423.jpg 555w, https:\/\/www.fveh.be\/wp-content\/uploads\/2019\/08\/DSC02205-100x75.jpg 100w, https:\/\/www.fveh.be\/wp-content\/uploads\/2019\/08\/DSC02205-1320x1006.jpg 1320w\" sizes=\"auto, (max-width: 232px) 100vw, 232px\" \/><\/a><\/p>\n<\/div><\/div><\/div><div id=\"pgc-808-2-2\"  class=\"panel-grid-cell\" ><div id=\"panel-808-2-2-0\" class=\"so-panel widget widget_black-studio-tinymce widget_black_studio_tinymce panel-first-child panel-last-child\" data-index=\"7\" ><div class=\"textwidget\"><h4 style=\"text-align: center;\"><a href=\"https:\/\/www.fveh.be\/?page_id=1060\">Exposants 2019<\/a><\/h4>\n<p><a href=\"https:\/\/www.fveh.be\/?page_id=1060\"><img loading=\"lazy\" decoding=\"async\" class=\"alignnone size-medium wp-image-819 aligncenter\" src=\"https:\/\/www.fveh.be\/wp-content\/uploads\/2019\/08\/1-EXPO-300x200.jpg\" alt=\"\" width=\"300\" height=\"200\" srcset=\"https:\/\/www.fveh.be\/wp-content\/uploads\/2019\/08\/1-EXPO-300x200.jpg 300w, https:\/\/www.fveh.be\/wp-content\/uploads\/2019\/08\/1-EXPO-768x511.jpg 768w, https:\/\/www.fveh.be\/wp-content\/uploads\/2019\/08\/1-EXPO-1024x681.jpg 1024w, https:\/\/www.fveh.be\/wp-content\/uploads\/2019\/08\/1-EXPO-555x369.jpg 555w, https:\/\/www.fveh.be\/wp-content\/uploads\/2019\/08\/1-EXPO-1320x878.jpg 1320w, https:\/\/www.fveh.be\/wp-content\/uploads\/2019\/08\/1-EXPO-272x182.jpg 272w\" sizes=\"auto, (max-width: 300px) 100vw, 300px\" \/><\/a><\/p>\n<\/div><\/div><\/div><div id=\"pgc-808-2-3\"  class=\"panel-grid-cell\" ><div id=\"panel-808-2-3-0\" class=\"so-panel widget widget_black-studio-tinymce widget_black_studio_tinymce panel-first-child panel-last-child\" data-index=\"8\" ><div class=\"textwidget\"><h4 style=\"text-align: center;\"><a href=\"https:\/\/www.fveh.be\/?page_id=897\">Anc\u00eatres 2019<\/a><\/h4>\n<p><a href=\"https:\/\/www.fveh.be\/?page_id=897\"><img loading=\"lazy\" decoding=\"async\" class=\"alignnone size-medium wp-image-820 aligncenter\" src=\"https:\/\/www.fveh.be\/wp-content\/uploads\/2019\/08\/DSC02314-300x209.jpg\" alt=\"\" width=\"300\" height=\"209\" srcset=\"https:\/\/www.fveh.be\/wp-content\/uploads\/2019\/08\/DSC02314-300x209.jpg 300w, https:\/\/www.fveh.be\/wp-content\/uploads\/2019\/08\/DSC02314-768x536.jpg 768w, https:\/\/www.fveh.be\/wp-content\/uploads\/2019\/08\/DSC02314-1024x714.jpg 1024w, https:\/\/www.fveh.be\/wp-content\/uploads\/2019\/08\/DSC02314-555x387.jpg 555w, https:\/\/www.fveh.be\/wp-content\/uploads\/2019\/08\/DSC02314-1320x921.jpg 1320w\" sizes=\"auto, (max-width: 300px) 100vw, 300px\" \/><\/a><\/p>\n<\/div><\/div><\/div><\/div><\/div>","protected":false},"excerpt":{"rendered":"<p>. Certains d&rsquo;entre-vous se souviendront avoir \u00e9t\u00e9 pr\u00e9sents ! Vous n&rsquo;avez jamais visit\u00e9 notre Foire Verte ?\u00a0 Ces albums photos vous donneront des envies de visite ! ASBL 2019 \u00ab\u00a0Tr\u00e8s Nature\u00a0\u00bb 2019 \u00ab\u00a0Tr\u00e8s Terroir\u00a0\u00bb 2019 \u00ab\u00a0Tr\u00e8s Musique\u00a0\u00bb 2019<\/p>\n","protected":false},"author":2,"featured_media":0,"parent":608,"menu_order":0,"comment_status":"closed","ping_status":"closed","template":"template-builder-page.php","meta":{"_acf_changed":false,"footnotes":""},"class_list":["post-808","page","type-page","status-publish","hentry"],"acf":[],"jetpack_sharing_enabled":true,"jetpack_shortlink":"https:\/\/wp.me\/PaRd9Q-d2","_links":{"self":[{"href":"https:\/\/www.fveh.be\/index.php?rest_route=\/wp\/v2\/pages\/808","targetHints":{"allow":["GET"]}}],"collection":[{"href":"https:\/\/www.fveh.be\/index.php?rest_route=\/wp\/v2\/pages"}],"about":[{"href":"https:\/\/www.fveh.be\/index.php?rest_route=\/wp\/v2\/types\/page"}],"author":[{"embeddable":true,"href":"https:\/\/www.fveh.be\/index.php?rest_route=\/wp\/v2\/users\/2"}],"replies":[{"embeddable":true,"href":"https:\/\/www.fveh.be\/index.php?rest_route=%2Fwp%2Fv2%2Fcomments&post=808"}],"version-history":[{"count":6,"href":"https:\/\/www.fveh.be\/index.php?rest_route=\/wp\/v2\/pages\/808\/revisions"}],"predecessor-version":[{"id":1074,"href":"https:\/\/www.fveh.be\/index.php?rest_route=\/wp\/v2\/pages\/808\/revisions\/1074"}],"up":[{"embeddable":true,"href":"https:\/\/www.fveh.be\/index.php?rest_route=\/wp\/v2\/pages\/608"}],"wp:attachment":[{"href":"https:\/\/www.fveh.be\/index.php?rest_route=%2Fwp%2Fv2%2Fmedia&parent=808"}],"curies":[{"name":"wp","href":"https:\/\/api.w.org\/{rel}","templated":true}]}}