{"id":622,"date":"2019-04-26T10:29:07","date_gmt":"2019-04-26T10:29:07","guid":{"rendered":"http:\/\/fveh.be\/?page_id=622"},"modified":"2026-02-03T09:08:50","modified_gmt":"2026-02-03T09:08:50","slug":"programme-2018-3","status":"publish","type":"page","link":"https:\/\/www.fveh.be\/?page_id=622","title":{"rendered":"En Pratique &#8211; Plan d&rsquo;Acc\u00e8s"},"content":{"rendered":"<div id=\"pl-622\"  class=\"panel-layout\" ><div id=\"pg-622-0\"  class=\"panel-grid panel-no-style\" ><div id=\"pgc-622-0-0\"  class=\"panel-grid-cell panel-grid-cell-empty\" ><\/div><\/div><div id=\"pg-622-1\"  class=\"panel-grid panel-no-style\" ><div id=\"pgc-622-1-0\"  class=\"panel-grid-cell\" ><div id=\"panel-622-1-0-0\" class=\"so-panel widget widget_sow-editor panel-first-child panel-last-child\" data-index=\"0\" ><div\n\t\t\t\n\t\t\tclass=\"so-widget-sow-editor so-widget-sow-editor-base\"\n\t\t\t\n\t\t>\n<div class=\"siteorigin-widget-tinymce textwidget\">\n\t<p><img loading=\"lazy\" decoding=\"async\" class=\"size-full wp-image-1747 aligncenter\" src=\"https:\/\/www.fveh.be\/wp-content\/uploads\/2025\/01\/En-pratique-Localisation.jpg\" alt=\"\" width=\"150\" height=\"148\" \/><\/p>\n<p style=\"text-align: center;\"><strong>Localisation &amp; Contacts<\/strong><\/p>\n<p style=\"text-align: center;\">Sur le site du Moulin<br \/>\n5630\u00a0 CERFONTAINE<br \/>\n(Voir Carte ci-dessous)<\/p>\n<p style=\"text-align: center;\">Informations : +32 (0)476 413 825<\/p>\n<\/div>\n<\/div><\/div><\/div><div id=\"pgc-622-1-1\"  class=\"panel-grid-cell\" ><div id=\"panel-622-1-1-0\" class=\"so-panel widget widget_sow-editor panel-first-child panel-last-child\" data-index=\"1\" ><div\n\t\t\t\n\t\t\tclass=\"so-widget-sow-editor so-widget-sow-editor-base\"\n\t\t\t\n\t\t>\n<div class=\"siteorigin-widget-tinymce textwidget\">\n\t<p><img loading=\"lazy\" decoding=\"async\" class=\"size-full wp-image-1746 aligncenter\" src=\"https:\/\/www.fveh.be\/wp-content\/uploads\/2025\/01\/En-pratique-Horaire.jpg\" alt=\"\" width=\"150\" height=\"149\" srcset=\"https:\/\/www.fveh.be\/wp-content\/uploads\/2025\/01\/En-pratique-Horaire.jpg 223w, https:\/\/www.fveh.be\/wp-content\/uploads\/2025\/01\/En-pratique-Horaire-150x150.jpg 150w\" sizes=\"auto, (max-width: 150px) 100vw, 150px\" \/><\/p>\n<p style=\"text-align: center;\"><strong>Horaires d'ouverture\/Fermeture<\/strong><\/p>\n<p style=\"text-align: center;\">Samedi 1er Ao\u00fbt 2026 de 10h00' \u00e0 22h00'<br \/>\nOuverture officielle d'inauguration \u00e0 11h00'<br \/>\nDimanche 02 Ao\u00fbt 2026 de 10h00' \u00e0 22h00'<\/p>\n<\/div>\n<\/div><\/div><\/div><div id=\"pgc-622-1-2\"  class=\"panel-grid-cell\" ><div id=\"panel-622-1-2-0\" class=\"so-panel widget widget_sow-editor panel-first-child panel-last-child\" data-index=\"2\" ><div\n\t\t\t\n\t\t\tclass=\"so-widget-sow-editor so-widget-sow-editor-base\"\n\t\t\t\n\t\t>\n<div class=\"siteorigin-widget-tinymce textwidget\">\n\t<p style=\"text-align: center;\"><img loading=\"lazy\" decoding=\"async\" class=\"size-full wp-image-1745 aligncenter\" src=\"https:\/\/www.fveh.be\/wp-content\/uploads\/2025\/01\/En-pratique-Catering.jpg\" alt=\"\" width=\"150\" height=\"150\" srcset=\"https:\/\/www.fveh.be\/wp-content\/uploads\/2025\/01\/En-pratique-Catering.jpg 225w, https:\/\/www.fveh.be\/wp-content\/uploads\/2025\/01\/En-pratique-Catering-150x150.jpg 150w\" sizes=\"auto, (max-width: 150px) 100vw, 150px\" \/><strong>Boissons - Nourriture<\/strong><\/p>\n<p style=\"text-align: center;\">Une petite faim ou soif ? Rendez-vous dans l'un de nos points de restauration et ne ratez pas\u00a0<a href=\"http:\/\/www.ctcd.be\/\" target=\"_blank\" rel=\"noopener\">\"Les Pains Saucisses Grill\u00e9es de T\u00e9lio\"<\/a>.\u00a0 Vous ferez ainsi un bon geste !\u00a0 Les b\u00e9n\u00e9fices g\u00e9n\u00e9r\u00e9s par ce stand sont destin\u00e9 \u00e0 combattre la maladie de Duchenne.<\/p>\n<\/div>\n<\/div><\/div><\/div><div id=\"pgc-622-1-3\"  class=\"panel-grid-cell\" ><div id=\"panel-622-1-3-0\" class=\"so-panel widget widget_sow-editor panel-first-child panel-last-child\" data-index=\"3\" ><div\n\t\t\t\n\t\t\tclass=\"so-widget-sow-editor so-widget-sow-editor-base\"\n\t\t\t\n\t\t>\n<div class=\"siteorigin-widget-tinymce textwidget\">\n\t<p><img loading=\"lazy\" decoding=\"async\" class=\"size-full wp-image-1744 aligncenter\" src=\"https:\/\/www.fveh.be\/wp-content\/uploads\/2025\/01\/En-pratique-Recycle.jpg\" alt=\"\" width=\"149\" height=\"150\" srcset=\"https:\/\/www.fveh.be\/wp-content\/uploads\/2025\/01\/En-pratique-Recycle.jpg 222w, https:\/\/www.fveh.be\/wp-content\/uploads\/2025\/01\/En-pratique-Recycle-150x150.jpg 150w\" sizes=\"auto, (max-width: 149px) 100vw, 149px\" \/><\/p>\n<p style=\"text-align: center;\"><strong>Site \u00c9co-Vitrine<\/strong><\/p>\n<p style=\"text-align: center;\">Profitez de votre \"<strong>Entr\u00e9e GRATUITE<\/strong>\" pour faire une belle ballade nature sur le site de notre \u00c9co-Vitrine.<br \/>\nUn parcours \"Nature\" reposant et apaisant !<\/p>\n<\/div>\n<\/div><\/div><\/div><\/div><div id=\"pg-622-2\"  class=\"panel-grid panel-no-style\" ><div id=\"pgc-622-2-0\"  class=\"panel-grid-cell\" >\n\t\t\t<div id=\"panel-622-2-0-0\" class=\"so-panel widget widget_pt_google_map panel-first-child panel-last-child\" data-index=\"4\" >\t\t\t\t<div\n\t\t\t\t\tclass=\"simple-map  js-where-we-are\"\n\t\t\t\t\tdata-latlng=\"50.175961, 4.409395\"\n\t\t\t\t\tdata-markers=\"[{&quot;title&quot;:&quot;Foire Verte de l&#039;Eau d&#039;Heure&quot;,&quot;locationlatlng&quot;:&quot;50.175961, 4.409395&quot;,&quot;custompinimage&quot;:&quot;&quot;,&quot;id&quot;:&quot;1&quot;}]\"\n\t\t\t\t\tdata-zoom=\"17\"\n\t\t\t\t\tdata-type=\"roadmap\"\n\t\t\t\t\tdata-style=\"[]\"\n\t\t\t\t\tstyle=\"height: 360px;\"\n\t\t\t\t><\/div>\n\t\t\t<\/div>\n\t\t\t<\/div><\/div><\/div>","protected":false},"excerpt":{"rendered":"<p>Localisation &amp; Contacts Sur le site du Moulin 5630\u00a0 CERFONTAINE (Voir Carte ci-dessous) Informations : +32 (0)476 413 825 Horaires d&rsquo;ouverture\/Fermeture Samedi 1er Ao\u00fbt 2026 de 10h00&prime; \u00e0 22h00&prime; Ouverture officielle d&rsquo;inauguration \u00e0 11h00&prime; Dimanche 02 Ao\u00fbt 2026 de 10h00&prime; \u00e0 22h00&prime; Boissons &#8211; Nourriture Une petite faim ou soif ? Rendez-vous dans l&rsquo;un de <a class=\"read-more-link\" href=\"https:\/\/www.fveh.be\/?page_id=622\">Lire la suite&#8230;<\/a><\/p>\n","protected":false},"author":2,"featured_media":0,"parent":515,"menu_order":0,"comment_status":"closed","ping_status":"closed","template":"template-builder-page.php","meta":{"_acf_changed":false,"jetpack_post_was_ever_published":false,"footnotes":""},"class_list":["post-622","page","type-page","status-publish","hentry"],"acf":[],"jetpack_sharing_enabled":true,"jetpack_shortlink":"https:\/\/wp.me\/PaRd9Q-a2","_links":{"self":[{"href":"https:\/\/www.fveh.be\/index.php?rest_route=\/wp\/v2\/pages\/622","targetHints":{"allow":["GET"]}}],"collection":[{"href":"https:\/\/www.fveh.be\/index.php?rest_route=\/wp\/v2\/pages"}],"about":[{"href":"https:\/\/www.fveh.be\/index.php?rest_route=\/wp\/v2\/types\/page"}],"author":[{"embeddable":true,"href":"https:\/\/www.fveh.be\/index.php?rest_route=\/wp\/v2\/users\/2"}],"replies":[{"embeddable":true,"href":"https:\/\/www.fveh.be\/index.php?rest_route=%2Fwp%2Fv2%2Fcomments&post=622"}],"version-history":[{"count":46,"href":"https:\/\/www.fveh.be\/index.php?rest_route=\/wp\/v2\/pages\/622\/revisions"}],"predecessor-version":[{"id":1863,"href":"https:\/\/www.fveh.be\/index.php?rest_route=\/wp\/v2\/pages\/622\/revisions\/1863"}],"up":[{"embeddable":true,"href":"https:\/\/www.fveh.be\/index.php?rest_route=\/wp\/v2\/pages\/515"}],"wp:attachment":[{"href":"https:\/\/www.fveh.be\/index.php?rest_route=%2Fwp%2Fv2%2Fmedia&parent=622"}],"curies":[{"name":"wp","href":"https:\/\/api.w.org\/{rel}","templated":true}]}}