{"id":608,"date":"2019-04-23T12:33:08","date_gmt":"2019-04-23T12:33:08","guid":{"rendered":"http:\/\/fveh.be\/?page_id=608"},"modified":"2019-04-24T08:01:49","modified_gmt":"2019-04-24T08:01:49","slug":"programme-2018-2","status":"publish","type":"page","link":"https:\/\/www.fveh.be\/?page_id=608","title":{"rendered":"Albums Souvenirs"},"content":{"rendered":"<div id=\"pl-608\"  class=\"panel-layout\" ><div id=\"pg-608-0\"  class=\"panel-grid panel-no-style\" ><div id=\"pgc-608-0-0\"  class=\"panel-grid-cell\" ><div id=\"panel-608-0-0-0\" class=\"so-panel widget widget_black-studio-tinymce widget_black_studio_tinymce panel-first-child panel-last-child\" data-index=\"0\" ><div class=\"textwidget\"><h4><span style=\"color: #ffffff;\">.<\/span><\/h4>\n<h4 style=\"text-align: center;\"><strong>Certains d'entre-vous se souviendront avoir \u00e9t\u00e9 pr\u00e9sents !<br \/>\nVous n'avez jamais visit\u00e9 notre Foire Verte ?\u00a0 Ces albums photos vous donneront des envies de visite !<\/strong><\/h4>\n<\/div><\/div><\/div><\/div><div id=\"pg-608-1\"  class=\"panel-grid panel-no-style\" ><div id=\"pgc-608-1-0\"  class=\"panel-grid-cell\" ><div id=\"panel-608-1-0-0\" class=\"so-panel widget widget_sow-image panel-first-child panel-last-child\" data-index=\"1\" ><div\n\t\t\t\n\t\t\tclass=\"so-widget-sow-image so-widget-sow-image-default-46c7616ffdb5-608\"\n\t\t\t\n\t\t>\n<div class=\"sow-image-container\">\n\t\t<img \n\tsrc=\"https:\/\/www.fveh.be\/wp-content\/uploads\/2019\/04\/DSC_8433-300x199.jpg\" width=\"300\" height=\"199\" srcset=\"https:\/\/www.fveh.be\/wp-content\/uploads\/2019\/04\/DSC_8433-300x199.jpg 300w, https:\/\/www.fveh.be\/wp-content\/uploads\/2019\/04\/DSC_8433-768x510.jpg 768w, https:\/\/www.fveh.be\/wp-content\/uploads\/2019\/04\/DSC_8433-1024x680.jpg 1024w, https:\/\/www.fveh.be\/wp-content\/uploads\/2019\/04\/DSC_8433-555x369.jpg 555w, https:\/\/www.fveh.be\/wp-content\/uploads\/2019\/04\/DSC_8433-1320x877.jpg 1320w\" sizes=\"(max-width: 300px) 100vw, 300px\" alt=\"\" \t\tclass=\"so-widget-image\"\/>\n\t<\/div>\n\n<\/div><\/div><\/div><div id=\"pgc-608-1-1\"  class=\"panel-grid-cell\" ><div id=\"panel-608-1-1-0\" class=\"so-panel widget widget_sow-image panel-first-child panel-last-child\" data-index=\"2\" ><div\n\t\t\t\n\t\t\tclass=\"so-widget-sow-image so-widget-sow-image-default-46c7616ffdb5-608\"\n\t\t\t\n\t\t>\n<div class=\"sow-image-container\">\n\t\t<img \n\tsrc=\"https:\/\/www.fveh.be\/wp-content\/uploads\/2019\/03\/Espace-Exposants-300x189.jpg\" width=\"300\" height=\"189\" srcset=\"https:\/\/www.fveh.be\/wp-content\/uploads\/2019\/03\/Espace-Exposants-300x189.jpg 300w, https:\/\/www.fveh.be\/wp-content\/uploads\/2019\/03\/Espace-Exposants-768x484.jpg 768w, https:\/\/www.fveh.be\/wp-content\/uploads\/2019\/03\/Espace-Exposants-555x350.jpg 555w, https:\/\/www.fveh.be\/wp-content\/uploads\/2019\/03\/Espace-Exposants.jpg 1000w\" sizes=\"(max-width: 300px) 100vw, 300px\" title=\"Espace Exposants\" alt=\"\" \t\tclass=\"so-widget-image\"\/>\n\t<\/div>\n\n<\/div><\/div><\/div><div id=\"pgc-608-1-2\"  class=\"panel-grid-cell\" ><div id=\"panel-608-1-2-0\" class=\"so-panel widget widget_sow-image panel-first-child panel-last-child\" data-index=\"3\" ><div\n\t\t\t\n\t\t\tclass=\"so-widget-sow-image so-widget-sow-image-default-46c7616ffdb5-608\"\n\t\t\t\n\t\t>\n<div class=\"sow-image-container\">\n\t\t<img \n\tsrc=\"https:\/\/www.fveh.be\/wp-content\/uploads\/2019\/04\/chariotoriginal-300x203.jpg\" width=\"300\" height=\"203\" srcset=\"https:\/\/www.fveh.be\/wp-content\/uploads\/2019\/04\/chariotoriginal-300x203.jpg 300w, https:\/\/www.fveh.be\/wp-content\/uploads\/2019\/04\/chariotoriginal-768x521.jpg 768w, https:\/\/www.fveh.be\/wp-content\/uploads\/2019\/04\/chariotoriginal-555x376.jpg 555w, https:\/\/www.fveh.be\/wp-content\/uploads\/2019\/04\/chariotoriginal.jpg 885w\" sizes=\"(max-width: 300px) 100vw, 300px\" alt=\"\" \t\tclass=\"so-widget-image\"\/>\n\t<\/div>\n\n<\/div><\/div><\/div><div id=\"pgc-608-1-3\"  class=\"panel-grid-cell\" ><div id=\"panel-608-1-3-0\" class=\"so-panel widget widget_sow-image panel-first-child panel-last-child\" data-index=\"4\" ><div\n\t\t\t\n\t\t\tclass=\"so-widget-sow-image so-widget-sow-image-default-46c7616ffdb5-608\"\n\t\t\t\n\t\t>\n<div class=\"sow-image-container\">\n\t\t<img \n\tsrc=\"https:\/\/www.fveh.be\/wp-content\/uploads\/2019\/04\/IMG_1003-300x200.jpg\" width=\"300\" height=\"200\" srcset=\"https:\/\/www.fveh.be\/wp-content\/uploads\/2019\/04\/IMG_1003-300x200.jpg 300w, https:\/\/www.fveh.be\/wp-content\/uploads\/2019\/04\/IMG_1003-768x512.jpg 768w, https:\/\/www.fveh.be\/wp-content\/uploads\/2019\/04\/IMG_1003-1024x683.jpg 1024w, https:\/\/www.fveh.be\/wp-content\/uploads\/2019\/04\/IMG_1003-555x370.jpg 555w, https:\/\/www.fveh.be\/wp-content\/uploads\/2019\/04\/IMG_1003-1320x880.jpg 1320w, https:\/\/www.fveh.be\/wp-content\/uploads\/2019\/04\/IMG_1003-272x182.jpg 272w\" sizes=\"(max-width: 300px) 100vw, 300px\" alt=\"\" \t\tclass=\"so-widget-image\"\/>\n\t<\/div>\n\n<\/div><\/div><\/div><div id=\"pgc-608-1-4\"  class=\"panel-grid-cell\" ><div id=\"panel-608-1-4-0\" class=\"so-panel widget widget_sow-image panel-first-child panel-last-child\" data-index=\"5\" ><div\n\t\t\t\n\t\t\tclass=\"so-widget-sow-image so-widget-sow-image-default-46c7616ffdb5-608\"\n\t\t\t\n\t\t>\n<div class=\"sow-image-container\">\n\t\t<img \n\tsrc=\"https:\/\/www.fveh.be\/wp-content\/uploads\/2019\/04\/IMG_0992-300x200.jpg\" width=\"300\" height=\"200\" srcset=\"https:\/\/www.fveh.be\/wp-content\/uploads\/2019\/04\/IMG_0992-300x200.jpg 300w, https:\/\/www.fveh.be\/wp-content\/uploads\/2019\/04\/IMG_0992-768x512.jpg 768w, https:\/\/www.fveh.be\/wp-content\/uploads\/2019\/04\/IMG_0992-1024x683.jpg 1024w, https:\/\/www.fveh.be\/wp-content\/uploads\/2019\/04\/IMG_0992-555x370.jpg 555w, https:\/\/www.fveh.be\/wp-content\/uploads\/2019\/04\/IMG_0992-1320x880.jpg 1320w, https:\/\/www.fveh.be\/wp-content\/uploads\/2019\/04\/IMG_0992-272x182.jpg 272w\" sizes=\"(max-width: 300px) 100vw, 300px\" alt=\"\" \t\tclass=\"so-widget-image\"\/>\n\t<\/div>\n\n<\/div><\/div><\/div><\/div><\/div>","protected":false},"excerpt":{"rendered":"<p>. Certains d&rsquo;entre-vous se souviendront avoir \u00e9t\u00e9 pr\u00e9sents ! Vous n&rsquo;avez jamais visit\u00e9 notre Foire Verte ?\u00a0 Ces albums photos vous donneront des envies de visite !<\/p>\n","protected":false},"author":2,"featured_media":0,"parent":515,"menu_order":0,"comment_status":"closed","ping_status":"closed","template":"template-builder-page.php","meta":{"_acf_changed":false,"jetpack_post_was_ever_published":false,"footnotes":""},"class_list":["post-608","page","type-page","status-publish","hentry"],"acf":[],"jetpack_sharing_enabled":true,"jetpack_shortlink":"https:\/\/wp.me\/PaRd9Q-9O","_links":{"self":[{"href":"https:\/\/www.fveh.be\/index.php?rest_route=\/wp\/v2\/pages\/608","targetHints":{"allow":["GET"]}}],"collection":[{"href":"https:\/\/www.fveh.be\/index.php?rest_route=\/wp\/v2\/pages"}],"about":[{"href":"https:\/\/www.fveh.be\/index.php?rest_route=\/wp\/v2\/types\/page"}],"author":[{"embeddable":true,"href":"https:\/\/www.fveh.be\/index.php?rest_route=\/wp\/v2\/users\/2"}],"replies":[{"embeddable":true,"href":"https:\/\/www.fveh.be\/index.php?rest_route=%2Fwp%2Fv2%2Fcomments&post=608"}],"version-history":[{"count":5,"href":"https:\/\/www.fveh.be\/index.php?rest_route=\/wp\/v2\/pages\/608\/revisions"}],"predecessor-version":[{"id":613,"href":"https:\/\/www.fveh.be\/index.php?rest_route=\/wp\/v2\/pages\/608\/revisions\/613"}],"up":[{"embeddable":true,"href":"https:\/\/www.fveh.be\/index.php?rest_route=\/wp\/v2\/pages\/515"}],"wp:attachment":[{"href":"https:\/\/www.fveh.be\/index.php?rest_route=%2Fwp%2Fv2%2Fmedia&parent=608"}],"curies":[{"name":"wp","href":"https:\/\/api.w.org\/{rel}","templated":true}]}}