{"id":595,"date":"2019-04-23T12:15:58","date_gmt":"2019-04-23T12:15:58","guid":{"rendered":"http:\/\/fveh.be\/?page_id=595"},"modified":"2026-02-03T08:59:25","modified_gmt":"2026-02-03T08:59:25","slug":"programme-2018","status":"publish","type":"page","link":"https:\/\/www.fveh.be\/?page_id=595","title":{"rendered":"Programme 2026 &#8211; Plan de la Foire"},"content":{"rendered":"<div id=\"pl-595\"  class=\"panel-layout\" ><div id=\"pg-595-0\"  class=\"panel-grid panel-no-style\" ><div id=\"pgc-595-0-0\"  class=\"panel-grid-cell\" ><div id=\"panel-595-0-0-0\" class=\"so-panel widget widget_black-studio-tinymce widget_black_studio_tinymce panel-first-child panel-last-child\" data-index=\"0\" ><div class=\"textwidget\"><h4><span style=\"color: #ffffff;\">.<\/span><\/h4>\n<h4 style=\"text-align: center;\"><strong>Venez nombreux pour cette 33\u00e8me \u00e9dition de la Foire Verte de l'Eau d'Heure !<br \/>\nRendez-vous les 01 et 02 ao\u00fbt 2026\u00a0 !<\/strong><\/h4>\n<p style=\"text-align: center;\">Les programme et plan du site 2026 sont actuellement en pr\u00e9paration.<\/p>\n<p style=\"text-align: center;\">Vous trouverez ci-dessous le programme et le plan de la foire 2025.<br \/>\nEntr\u00e9e GRATUITE<\/p>\n<h4 style=\"text-align: center;\"><span style=\"text-decoration: underline; color: #ff0000;\">Le programme officiel 2025 - Programme et Plan de la Foire<\/span><\/h4>\n<p><img loading=\"lazy\" decoding=\"async\" class=\"alignnone size-large wp-image-1851\" src=\"https:\/\/www.fveh.be\/wp-content\/uploads\/2025\/07\/folder-2025-recto-1024x366.png\" alt=\"\" width=\"1024\" height=\"366\" srcset=\"https:\/\/www.fveh.be\/wp-content\/uploads\/2025\/07\/folder-2025-recto-1024x366.png 1024w, https:\/\/www.fveh.be\/wp-content\/uploads\/2025\/07\/folder-2025-recto-300x107.png 300w, https:\/\/www.fveh.be\/wp-content\/uploads\/2025\/07\/folder-2025-recto-768x275.png 768w, https:\/\/www.fveh.be\/wp-content\/uploads\/2025\/07\/folder-2025-recto-555x199.png 555w, https:\/\/www.fveh.be\/wp-content\/uploads\/2025\/07\/folder-2025-recto.png 1283w\" sizes=\"auto, (max-width: 1024px) 100vw, 1024px\" \/><\/p>\n<p><img loading=\"lazy\" decoding=\"async\" class=\"alignnone size-large wp-image-1852\" src=\"https:\/\/www.fveh.be\/wp-content\/uploads\/2025\/07\/folder-2025-verso-1024x370.png\" alt=\"\" width=\"1024\" height=\"370\" srcset=\"https:\/\/www.fveh.be\/wp-content\/uploads\/2025\/07\/folder-2025-verso-1024x370.png 1024w, https:\/\/www.fveh.be\/wp-content\/uploads\/2025\/07\/folder-2025-verso-300x108.png 300w, https:\/\/www.fveh.be\/wp-content\/uploads\/2025\/07\/folder-2025-verso-768x277.png 768w, https:\/\/www.fveh.be\/wp-content\/uploads\/2025\/07\/folder-2025-verso-555x200.png 555w, https:\/\/www.fveh.be\/wp-content\/uploads\/2025\/07\/folder-2025-verso.png 1294w\" sizes=\"auto, (max-width: 1024px) 100vw, 1024px\" \/><\/p>\n<p style=\"text-align: center;\">\n<\/div><\/div><\/div><\/div><\/div>","protected":false},"excerpt":{"rendered":"<p>. Venez nombreux pour cette 33\u00e8me \u00e9dition de la Foire Verte de l&rsquo;Eau d&rsquo;Heure ! Rendez-vous les 01 et 02 ao\u00fbt 2026\u00a0 ! Les programme et plan du site 2026 sont actuellement en pr\u00e9paration. Vous trouverez ci-dessous le programme et le plan de la foire 2025. Entr\u00e9e GRATUITE Le programme officiel 2025 &#8211; Programme et <a class=\"read-more-link\" href=\"https:\/\/www.fveh.be\/?page_id=595\">Lire la suite&#8230;<\/a><\/p>\n","protected":false},"author":2,"featured_media":0,"parent":515,"menu_order":0,"comment_status":"closed","ping_status":"closed","template":"template-builder-page.php","meta":{"_acf_changed":false,"jetpack_post_was_ever_published":false,"footnotes":""},"class_list":["post-595","page","type-page","status-publish","hentry"],"acf":[],"jetpack_sharing_enabled":true,"jetpack_shortlink":"https:\/\/wp.me\/PaRd9Q-9B","_links":{"self":[{"href":"https:\/\/www.fveh.be\/index.php?rest_route=\/wp\/v2\/pages\/595","targetHints":{"allow":["GET"]}}],"collection":[{"href":"https:\/\/www.fveh.be\/index.php?rest_route=\/wp\/v2\/pages"}],"about":[{"href":"https:\/\/www.fveh.be\/index.php?rest_route=\/wp\/v2\/types\/page"}],"author":[{"embeddable":true,"href":"https:\/\/www.fveh.be\/index.php?rest_route=\/wp\/v2\/users\/2"}],"replies":[{"embeddable":true,"href":"https:\/\/www.fveh.be\/index.php?rest_route=%2Fwp%2Fv2%2Fcomments&post=595"}],"version-history":[{"count":58,"href":"https:\/\/www.fveh.be\/index.php?rest_route=\/wp\/v2\/pages\/595\/revisions"}],"predecessor-version":[{"id":1861,"href":"https:\/\/www.fveh.be\/index.php?rest_route=\/wp\/v2\/pages\/595\/revisions\/1861"}],"up":[{"embeddable":true,"href":"https:\/\/www.fveh.be\/index.php?rest_route=\/wp\/v2\/pages\/515"}],"wp:attachment":[{"href":"https:\/\/www.fveh.be\/index.php?rest_route=%2Fwp%2Fv2%2Fmedia&parent=595"}],"curies":[{"name":"wp","href":"https:\/\/api.w.org\/{rel}","templated":true}]}}