{"id":477,"date":"2019-04-22T11:48:57","date_gmt":"2019-04-22T11:48:57","guid":{"rendered":"http:\/\/fveh.be\/?page_id=477"},"modified":"2019-05-22T11:29:28","modified_gmt":"2019-05-22T11:29:28","slug":"foire-verte-de-leau-dheure-conditions-generales-de-participation-3-2-2","status":"publish","type":"page","link":"https:\/\/www.fveh.be\/?page_id=477","title":{"rendered":"Salon des Collectionneurs"},"content":{"rendered":"<div id=\"pl-477\"  class=\"panel-layout\" ><div id=\"pg-477-0\"  class=\"panel-grid panel-no-style\" ><div id=\"pgc-477-0-0\"  class=\"panel-grid-cell panel-grid-cell-empty panel-grid-cell-mobile-last\" ><\/div><div id=\"pgc-477-0-1\"  class=\"panel-grid-cell panel-grid-cell-empty\" ><\/div><\/div><div id=\"pg-477-1\"  class=\"panel-grid panel-no-style\" ><div id=\"pgc-477-1-0\"  class=\"panel-grid-cell\" ><div id=\"panel-477-1-0-0\" class=\"so-panel widget widget_black-studio-tinymce widget_black_studio_tinymce panel-first-child\" data-index=\"0\" ><div class=\"textwidget\"><p><img loading=\"lazy\" decoding=\"async\" class=\"alignnone size-medium wp-image-670 aligncenter\" src=\"https:\/\/www.fveh.be\/wp-content\/uploads\/2019\/05\/Logo-Rond-Salon-Collectionneurs-300x285.jpg\" alt=\"\" width=\"300\" height=\"285\" srcset=\"https:\/\/www.fveh.be\/wp-content\/uploads\/2019\/05\/Logo-Rond-Salon-Collectionneurs-300x285.jpg 300w, https:\/\/www.fveh.be\/wp-content\/uploads\/2019\/05\/Logo-Rond-Salon-Collectionneurs-768x729.jpg 768w, https:\/\/www.fveh.be\/wp-content\/uploads\/2019\/05\/Logo-Rond-Salon-Collectionneurs-555x527.jpg 555w, https:\/\/www.fveh.be\/wp-content\/uploads\/2019\/05\/Logo-Rond-Salon-Collectionneurs.jpg 877w\" sizes=\"auto, (max-width: 300px) 100vw, 300px\" \/><\/p>\n<\/div><\/div><div id=\"panel-477-1-0-1\" class=\"so-panel widget widget_countdowntimer CountDownTimer\" data-index=\"1\" ><div id=\"widget-1-0-1-countdown\" class=\"tminus_countdown\" style=\"width:auto; height:auto;\"><div class=\"c-3po-countdown omitweeks\"><div id=\"widget-1-0-1-tophtml\" class=\"c-3po-tophtml\"><\/div><div id=\"widget-1-0-1-dashboard\" class=\"c-3po-dashboard\"><div class=\"c-3po-tripdash c-3po-days_trip_dash\"><div class=\"c-3po-dash_title\">days<\/div><div class=\"c-3po-digit\">0<\/div><div class=\"c-3po-digit\">-251<\/div><div class=\"c-3po-digit\">-2<\/div><\/div><div class=\"c-3po-dash c-3po-hours_dash\"><div class=\"c-3po-dash_title\">hours<\/div><div class=\"c-3po-digit\">0<\/div><div class=\"c-3po-digit\">-1<\/div><\/div><div class=\"c-3po-dash c-3po-minutes_dash\"><div class=\"c-3po-dash_title\">minutes<\/div><div class=\"c-3po-digit\">0<\/div><div class=\"c-3po-digit\">-3<\/div><\/div><div class=\"c-3po-dash c-3po-seconds_dash\"><div class=\"c-3po-dash_title\">seconds<\/div><div class=\"c-3po-digit\">-2<\/div><div class=\"c-3po-digit\">-6<\/div><\/div><\/div><div id=\"widget-1-0-1-bothtml\" class=\"c-3po-bothtml\"><\/div><\/div><\/div><\/div><div id=\"panel-477-1-0-2\" class=\"so-panel widget widget_black-studio-tinymce widget_black_studio_tinymce panel-last-child\" data-index=\"2\" ><div class=\"textwidget\"><p style=\"text-align: center;\"><a href=\"https:\/\/www.fveh.be\/?page_id=349\" target=\"_blank\" rel=\"noopener\">Vous souhaitez participer \u00e0 cet \u00e9v\u00e9nement en tant qu'exposant ?<\/a><br \/>\n<a href=\"https:\/\/www.fveh.be\/?page_id=349\" target=\"_blank\" rel=\"noopener\">Vers les pages \"Exposants\"<\/a><\/p>\n<\/div><\/div><\/div><div id=\"pgc-477-1-1\"  class=\"panel-grid-cell\" ><div id=\"panel-477-1-1-0\" class=\"so-panel widget widget_black-studio-tinymce widget_black_studio_tinymce panel-first-child panel-last-child\" data-index=\"3\" ><div class=\"textwidget\"><h3 style=\"text-align: left;\"><strong>\"<\/strong><span style=\"text-decoration: underline;\"><strong>AU TEMPS DES SABOTIERS<\/strong><\/span><strong>\"<\/strong><\/h3>\n<p>&nbsp;<\/p>\n<p>Venez nombreux pour d\u00e9couvrir les \"<strong>Collections de l'espace Andr\u00e9 LEPINE<\/strong>\", avec l'ASBL \"Cercle d'Histoire de Cerfontaine\".<\/p>\n<p>Ce dernier week-end de juin, outre la <strong>brocante et le march\u00e9 du terroir<\/strong>, nous organisons \u00e9galement un <strong>Salon des Collectionneurs<\/strong> :<\/p>\n<ul style=\"list-style-type: square;\">\n<li>Pi\u00e8ces de monnaie<\/li>\n<li>Cartes postales<\/li>\n<li>Livres<\/li>\n<li>B.D.<\/li>\n<\/ul>\n<p>Au cours de cet \u00e9v\u00e9nement, visitez notre march\u00e9 du terroir et notre brocante.<\/p>\n<p>Une petite faim, une petite soif ?\u00a0 Nos bars et stands de restauration seront l\u00e0 pour vous servir.<\/p>\n<p>Enfin, au terme de votre visite, profitez d'une belle ballade nature \u00e0 l'\u00e9co-vitrine.<\/p>\n<p>&nbsp;<\/p>\n<p style=\"text-align: left;\"><span style=\"color: #ff0000;\"><strong>ENTR\u00c9E GRATUITE POUR TOUS !<\/strong><\/span><\/p>\n<\/div><\/div><\/div><\/div><\/div>","protected":false},"excerpt":{"rendered":"<p>Vous souhaitez participer \u00e0 cet \u00e9v\u00e9nement en tant qu&rsquo;exposant ? Vers les pages \u00ab\u00a0Exposants\u00a0\u00bb \u00ab\u00a0AU TEMPS DES SABOTIERS\u00a0\u00bb &nbsp; Venez nombreux pour d\u00e9couvrir les \u00ab\u00a0Collections de l&rsquo;espace Andr\u00e9 LEPINE\u00a0\u00bb, avec l&rsquo;ASBL \u00ab\u00a0Cercle d&rsquo;Histoire de Cerfontaine\u00a0\u00bb. Ce dernier week-end de juin, outre la brocante et le march\u00e9 du terroir, nous organisons \u00e9galement un Salon des Collectionneurs <a class=\"read-more-link\" href=\"https:\/\/www.fveh.be\/?page_id=477\">Lire la suite&#8230;<\/a><\/p>\n","protected":false},"author":2,"featured_media":0,"parent":440,"menu_order":0,"comment_status":"closed","ping_status":"closed","template":"template-builder-page.php","meta":{"_acf_changed":false,"footnotes":""},"class_list":["post-477","page","type-page","status-publish","hentry"],"acf":[],"jetpack_sharing_enabled":true,"jetpack_shortlink":"https:\/\/wp.me\/PaRd9Q-7H","_links":{"self":[{"href":"https:\/\/www.fveh.be\/index.php?rest_route=\/wp\/v2\/pages\/477","targetHints":{"allow":["GET"]}}],"collection":[{"href":"https:\/\/www.fveh.be\/index.php?rest_route=\/wp\/v2\/pages"}],"about":[{"href":"https:\/\/www.fveh.be\/index.php?rest_route=\/wp\/v2\/types\/page"}],"author":[{"embeddable":true,"href":"https:\/\/www.fveh.be\/index.php?rest_route=\/wp\/v2\/users\/2"}],"replies":[{"embeddable":true,"href":"https:\/\/www.fveh.be\/index.php?rest_route=%2Fwp%2Fv2%2Fcomments&post=477"}],"version-history":[{"count":11,"href":"https:\/\/www.fveh.be\/index.php?rest_route=\/wp\/v2\/pages\/477\/revisions"}],"predecessor-version":[{"id":674,"href":"https:\/\/www.fveh.be\/index.php?rest_route=\/wp\/v2\/pages\/477\/revisions\/674"}],"up":[{"embeddable":true,"href":"https:\/\/www.fveh.be\/index.php?rest_route=\/wp\/v2\/pages\/440"}],"wp:attachment":[{"href":"https:\/\/www.fveh.be\/index.php?rest_route=%2Fwp%2Fv2%2Fmedia&parent=477"}],"curies":[{"name":"wp","href":"https:\/\/api.w.org\/{rel}","templated":true}]}}