{"id":440,"date":"2019-04-22T09:20:25","date_gmt":"2019-04-22T09:20:25","guid":{"rendered":"http:\/\/fveh.be\/?page_id=440"},"modified":"2026-02-09T07:20:55","modified_gmt":"2026-02-09T07:20:55","slug":"page-en-construction-2","status":"publish","type":"page","link":"https:\/\/www.fveh.be\/?page_id=440","title":{"rendered":"Autres Ev\u00e9nements 2026"},"content":{"rendered":"<div id=\"pl-440\"  class=\"panel-layout\" ><div id=\"pg-440-0\"  class=\"panel-grid panel-no-style\" ><div id=\"pgc-440-0-0\"  class=\"panel-grid-cell panel-grid-cell-empty\" ><\/div><\/div><div id=\"pg-440-1\"  class=\"panel-grid panel-no-style\" ><div id=\"pgc-440-1-0\"  class=\"panel-grid-cell\" ><div id=\"panel-440-1-0-0\" class=\"so-panel widget widget_black-studio-tinymce widget_black_studio_tinymce panel-first-child panel-last-child\" data-index=\"0\" ><div class=\"textwidget\"><p style=\"text-align: center;\"><span style=\"font-size: 14pt; color: #339966;\"><em><strong>Notre ASBL a pour objectif d 'encourager l'\u00e9conomie circulaire, les recyclages, les ventes de 2\u00e8me main, la valorisation des produits locaux et des circuits courts, via\u00a0 l'organisation du march\u00e9-brocante de Silenrieux tous les dimanches et Jours F\u00e9ri\u00e9s.<\/strong><\/em><\/span><\/p>\n<\/div><\/div><\/div><\/div><div id=\"pg-440-2\"  class=\"panel-grid panel-no-style\" ><div id=\"pgc-440-2-0\"  class=\"panel-grid-cell\" ><div id=\"panel-440-2-0-0\" class=\"so-panel widget widget_black-studio-tinymce widget_black_studio_tinymce panel-first-child panel-last-child\" data-index=\"1\" ><div class=\"textwidget\"><h4 style=\"text-align: center;\"><span style=\"text-decoration: underline;\"><strong>Sur le Site du Moulin<br \/>\nBrocante du Grand Barrage<\/strong><\/span><\/h4>\n<p style=\"text-align: center;\">Samedi 25 et Dimanche 26 Juillet 2026<\/p>\n<p style=\"text-align: center;\"><img loading=\"lazy\" decoding=\"async\" class=\"\" src=\"https:\/\/www.fveh.be\/wp-content\/uploads\/2026\/02\/Brocante-07-2026.jpg\" alt=\"\" width=\"176\" height=\"145\" \/><\/p>\n<p style=\"text-align: center;\"><span style=\"color: #ff0000;\"><strong>ENTR\u00c9E GRATUITE<\/strong><\/span><\/p>\n<\/div><\/div><\/div><div id=\"pgc-440-2-1\"  class=\"panel-grid-cell\" ><div id=\"panel-440-2-1-0\" class=\"so-panel widget widget_black-studio-tinymce widget_black_studio_tinymce panel-first-child panel-last-child\" data-index=\"2\" ><div class=\"textwidget\"><h4 style=\"text-align: center;\"><span style=\"text-decoration: underline;\"><strong>Silenrieux<br \/>\nLe March\u00e9 Brocante<\/strong><\/span><\/h4>\n<p style=\"text-align: center;\">Tous les Dimanches &amp; Jours F\u00e9ri\u00e9s<\/p>\n<p style=\"text-align: center;\"><img loading=\"lazy\" decoding=\"async\" class=\"alignnone wp-image-769\" src=\"https:\/\/www.fveh.be\/wp-content\/uploads\/2019\/07\/Brocante-Silenrieux-Image-1024x391.jpg\" alt=\"\" width=\"425\" height=\"162\" srcset=\"https:\/\/www.fveh.be\/wp-content\/uploads\/2019\/07\/Brocante-Silenrieux-Image-1024x391.jpg 1024w, https:\/\/www.fveh.be\/wp-content\/uploads\/2019\/07\/Brocante-Silenrieux-Image-300x115.jpg 300w, https:\/\/www.fveh.be\/wp-content\/uploads\/2019\/07\/Brocante-Silenrieux-Image-768x293.jpg 768w, https:\/\/www.fveh.be\/wp-content\/uploads\/2019\/07\/Brocante-Silenrieux-Image-555x212.jpg 555w, https:\/\/www.fveh.be\/wp-content\/uploads\/2019\/07\/Brocante-Silenrieux-Image-1320x504.jpg 1320w, https:\/\/www.fveh.be\/wp-content\/uploads\/2019\/07\/Brocante-Silenrieux-Image.jpg 1667w\" sizes=\"auto, (max-width: 425px) 100vw, 425px\" \/><\/p>\n<p style=\"text-align: center;\"><span style=\"color: #ff0000;\"><strong>ENTR\u00c9E GRATUITE<\/strong><\/span><\/p>\n<p style=\"text-align: center;\"><span style=\"text-decoration: underline;\"><strong>TARIF 2026<\/strong><\/span><\/p>\n<p style=\"text-align: center;\">Brocante 15 \u20ac\/ vide dressing 20\u20ac\/ Maraicher et assimil\u00e9 25 \u20ac<br \/>\nStand fixe de 5m x 3m avec v\u00e9hicule en arri\u00e8re \u20ac<br \/>\n<span style=\"text-decoration: underline;\"><span style=\"color: #ff0000;\"><strong>Z\u00e9ro D\u00e9chets !<\/strong><\/span><\/span><\/p>\n<p style=\"text-align: center;\"><span style=\"text-decoration: underline;\">Responsable<\/span> :\u00a0 <strong>Marie Christine 0496 47 25 98<\/strong><\/p>\n<\/div><\/div><\/div><div id=\"pgc-440-2-2\"  class=\"panel-grid-cell\" ><div id=\"panel-440-2-2-0\" class=\"so-panel widget widget_black-studio-tinymce widget_black_studio_tinymce panel-first-child panel-last-child\" data-index=\"3\" ><div class=\"textwidget\"><h4 style=\"text-align: center;\"><span style=\"text-decoration: underline;\"><strong>Silenrieux<br \/>\nMarch\u00e9 de No\u00ebl<\/strong><\/span><\/h4>\n<p style=\"text-align: center;\">D\u00e9cembre 2026<\/p>\n<p style=\"text-align: center;\"><img loading=\"lazy\" decoding=\"async\" class=\"\" src=\"https:\/\/www.fveh.be\/wp-content\/uploads\/2020\/02\/DSC03298-scaled.jpg\" alt=\"\" width=\"243\" height=\"162\" \/><\/p>\n<p style=\"text-align: center;\"><span style=\"color: #ff0000;\"><strong>ENTR\u00c9E GRATUITE<\/strong><\/span><\/p>\n<\/div><\/div><\/div><\/div><\/div>","protected":false},"excerpt":{"rendered":"<p>Notre ASBL a pour objectif d &lsquo;encourager l&rsquo;\u00e9conomie circulaire, les recyclages, les ventes de 2\u00e8me main, la valorisation des produits locaux et des circuits courts, via\u00a0 l&rsquo;organisation du march\u00e9-brocante de Silenrieux tous les dimanches et Jours F\u00e9ri\u00e9s.<\/p>\n","protected":false},"author":2,"featured_media":0,"parent":0,"menu_order":0,"comment_status":"closed","ping_status":"closed","template":"template-builder-page.php","meta":{"_acf_changed":false,"jetpack_post_was_ever_published":false,"footnotes":""},"class_list":["post-440","page","type-page","status-publish","hentry"],"acf":[],"jetpack_sharing_enabled":true,"jetpack_shortlink":"https:\/\/wp.me\/PaRd9Q-76","_links":{"self":[{"href":"https:\/\/www.fveh.be\/index.php?rest_route=\/wp\/v2\/pages\/440","targetHints":{"allow":["GET"]}}],"collection":[{"href":"https:\/\/www.fveh.be\/index.php?rest_route=\/wp\/v2\/pages"}],"about":[{"href":"https:\/\/www.fveh.be\/index.php?rest_route=\/wp\/v2\/types\/page"}],"author":[{"embeddable":true,"href":"https:\/\/www.fveh.be\/index.php?rest_route=\/wp\/v2\/users\/2"}],"replies":[{"embeddable":true,"href":"https:\/\/www.fveh.be\/index.php?rest_route=%2Fwp%2Fv2%2Fcomments&post=440"}],"version-history":[{"count":25,"href":"https:\/\/www.fveh.be\/index.php?rest_route=\/wp\/v2\/pages\/440\/revisions"}],"predecessor-version":[{"id":1885,"href":"https:\/\/www.fveh.be\/index.php?rest_route=\/wp\/v2\/pages\/440\/revisions\/1885"}],"wp:attachment":[{"href":"https:\/\/www.fveh.be\/index.php?rest_route=%2Fwp%2Fv2%2Fmedia&parent=440"}],"curies":[{"name":"wp","href":"https:\/\/api.w.org\/{rel}","templated":true}]}}