{"id":356,"date":"2019-04-01T12:10:28","date_gmt":"2019-04-01T12:10:28","guid":{"rendered":"http:\/\/fveh.be\/?page_id=356"},"modified":"2019-05-22T11:33:49","modified_gmt":"2019-05-22T11:33:49","slug":"foire-verte-de-leau-dheure-conditions-generales-de-participation-2-2","status":"publish","type":"page","link":"https:\/\/www.fveh.be\/?page_id=356","title":{"rendered":"Tarification \u00ab\u00a0Autres Ev\u00e9nements\u00a0\u00bb"},"content":{"rendered":"<div id=\"pl-356\"  class=\"panel-layout\" ><div id=\"pg-356-0\"  class=\"panel-grid panel-no-style\" ><div id=\"pgc-356-0-0\"  class=\"panel-grid-cell panel-grid-cell-empty panel-grid-cell-mobile-last\" ><\/div><div id=\"pgc-356-0-1\"  class=\"panel-grid-cell panel-grid-cell-empty\" ><\/div><\/div><div id=\"pg-356-1\"  class=\"panel-grid panel-no-style\" ><div id=\"pgc-356-1-0\"  class=\"panel-grid-cell\" ><div id=\"panel-356-1-0-0\" class=\"so-panel widget widget_black-studio-tinymce widget_black_studio_tinymce panel-first-child panel-last-child\" data-index=\"0\" ><div class=\"textwidget\"><p><img loading=\"lazy\" decoding=\"async\" class=\"alignnone size-full wp-image-274\" src=\"https:\/\/www.fveh.be\/wp-content\/uploads\/2019\/03\/Eco-Responsable.jpg\" alt=\"\" width=\"272\" height=\"220\" \/><\/p>\n<p style=\"text-align: center;\"><span style=\"text-decoration: underline;\"><strong>Des \u00e9v\u00e9nements \"ECO-RESPONSABLE\"<\/strong><\/span><\/p>\n<p style=\"text-align: center;\"><span style=\"font-size: 12pt;\"><a href=\"https:\/\/www.fveh.be\/?page_id=349\" target=\"_blank\" rel=\"noopener\">Vers le Formulaire de Participation<\/a><\/span><\/p>\n<p style=\"text-align: center;\"><a href=\"https:\/\/www.fveh.be\/?page_id=216\" target=\"_blank\" rel=\"noopener\"><span style=\"font-size: 12pt;\">Vers les Conditions de Participation<\/span><\/a><\/p>\n<\/div><\/div><\/div><div id=\"pgc-356-1-1\"  class=\"panel-grid-cell\" ><div id=\"panel-356-1-1-0\" class=\"so-panel widget widget_black-studio-tinymce widget_black_studio_tinymce panel-first-child panel-last-child\" data-index=\"1\" ><div class=\"textwidget\"><h3><span style=\"text-decoration: underline;\"><strong>Tarification<\/strong><\/span><\/h3>\n<p>&nbsp;<\/p>\n<ul>\n<li><strong>Les tarifs ci-dessous sont hors T.V.A. et sont \u00e9tablis par m\u00e8tre de fa\u00e7ade en ce qui concerne la F\u00eate de la Nature.<\/strong><\/li>\n<li><strong>Tarifs particuliers \u00e0 convenir pour exclusivit\u00e9, bars, friteries, glace, etc...\u00a0<\/strong><\/li>\n<li>Si lors de votre souscription, vous avez d\u00e9clar\u00e9 votre activit\u00e9 comme \"Autre Forfait\", veuillez prendre contact avec la Direction par le biais du formulaire de contact \"Participants\".<\/li>\n<\/ul>\n<p>&nbsp;<\/p>\n<table class=\" aligncenter\" style=\"height: 140px; width: 859px;\">\n<tbody>\n<tr style=\"height: 40px;\">\n<td style=\"width: 172.8px; height: 40px; border-style: solid; border-color: #050000; text-align: center; vertical-align: middle; background-color: #94e3e0;\">F\u00eate de la Nature<\/td>\n<td style=\"width: 148.8px; height: 40px; border-style: solid; border-color: #050000; text-align: center; vertical-align: middle; background-color: #94e3e0;\">Stands didactiques \"Nature\"<\/td>\n<td style=\"width: 171.2px; height: 40px; border-style: solid; border-color: #050000; text-align: center; vertical-align: middle; background-color: #94e3e0;\">GRATUIT<\/td>\n<td style=\"width: 166.4px; border-style: solid; text-align: center; vertical-align: middle; background-color: #94e3e0; border-color: #030202; height: 40px;\">Stands<br \/>\n\"Autres Artisanats\"<\/td>\n<td style=\"width: 169.6px; height: 40px; border-style: solid; text-align: center; vertical-align: middle; background-color: #94e3e0; border-color: #030202;\">\u00a0 \u00a010,00 EUR par m\u00e8tre de fa\u00e7ade.<\/td>\n<\/tr>\n<tr style=\"height: 40px;\">\n<td style=\"width: 172.8px; height: 40px; border-style: solid; border-color: #050000; text-align: center; vertical-align: middle; background-color: #f2e33f;\">Salon Jardin - Brocante<\/td>\n<td style=\"width: 672.8px; height: 40px; border-style: solid; border-color: #050000; text-align: center; vertical-align: middle; background-color: #f2e33f;\" colspan=\"4\">Tarifs habituels pratiqu\u00e9s \u00e0 Silenrieux -\u00a0 Informations : Chez RENE 0475 718 608<\/td>\n<\/tr>\n<tr style=\"height: 40px;\">\n<td style=\"width: 172.8px; border-style: solid; text-align: center; vertical-align: middle; height: 40px; border-color: #030202; background-color: #54ed4c;\">Salon Collectionneurs<\/td>\n<td style=\"border-style: solid; text-align: center; vertical-align: middle; height: 40px; border-color: #030202; background-color: #54ed4c;\" colspan=\"4\">Artisanat seulement ! Stands souhait\u00e9s : livres, cartes postales, etc\u2026<br \/>\nTarifs habituels pratiqu\u00e9s \u00e0 Silenrieux -\u00a0 Informations : Chez RENE 0475 718 608<\/td>\n<\/tr>\n<tr>\n<td style=\"width: 172.8px; border-style: solid; text-align: center; vertical-align: middle; background-color: #f29def; border-color: #050505; height: 40px;\">Bourse Anc\u00eatres<\/td>\n<td style=\"width: 672.8px; border-style: solid; text-align: center; vertical-align: middle; background-color: #f29def; border-color: #050505; height: 40px;\" colspan=\"4\">Tarifs habituels pratiqu\u00e9s \u00e0 Silenrieux -\u00a0 Informations : Chez RENE 0475 718 608<\/td>\n<\/tr>\n<\/tbody>\n<\/table>\n<p>&nbsp;<\/p>\n<\/div><\/div><\/div><\/div><\/div>","protected":false},"excerpt":{"rendered":"<p>Des \u00e9v\u00e9nements \u00ab\u00a0ECO-RESPONSABLE\u00a0\u00bb Vers le Formulaire de Participation Vers les Conditions de Participation Tarification &nbsp; Les tarifs ci-dessous sont hors T.V.A. et sont \u00e9tablis par m\u00e8tre de fa\u00e7ade en ce qui concerne la F\u00eate de la Nature. Tarifs particuliers \u00e0 convenir pour exclusivit\u00e9, bars, friteries, glace, etc&#8230;\u00a0 Si lors de votre souscription, vous avez d\u00e9clar\u00e9 <a class=\"read-more-link\" href=\"https:\/\/www.fveh.be\/?page_id=356\">Lire la suite&#8230;<\/a><\/p>\n","protected":false},"author":2,"featured_media":0,"parent":333,"menu_order":0,"comment_status":"closed","ping_status":"closed","template":"template-builder-page.php","meta":{"_acf_changed":false,"footnotes":""},"class_list":["post-356","page","type-page","status-publish","hentry"],"acf":[],"jetpack_sharing_enabled":true,"jetpack_shortlink":"https:\/\/wp.me\/PaRd9Q-5K","_links":{"self":[{"href":"https:\/\/www.fveh.be\/index.php?rest_route=\/wp\/v2\/pages\/356","targetHints":{"allow":["GET"]}}],"collection":[{"href":"https:\/\/www.fveh.be\/index.php?rest_route=\/wp\/v2\/pages"}],"about":[{"href":"https:\/\/www.fveh.be\/index.php?rest_route=\/wp\/v2\/types\/page"}],"author":[{"embeddable":true,"href":"https:\/\/www.fveh.be\/index.php?rest_route=\/wp\/v2\/users\/2"}],"replies":[{"embeddable":true,"href":"https:\/\/www.fveh.be\/index.php?rest_route=%2Fwp%2Fv2%2Fcomments&post=356"}],"version-history":[{"count":10,"href":"https:\/\/www.fveh.be\/index.php?rest_route=\/wp\/v2\/pages\/356\/revisions"}],"predecessor-version":[{"id":677,"href":"https:\/\/www.fveh.be\/index.php?rest_route=\/wp\/v2\/pages\/356\/revisions\/677"}],"up":[{"embeddable":true,"href":"https:\/\/www.fveh.be\/index.php?rest_route=\/wp\/v2\/pages\/333"}],"wp:attachment":[{"href":"https:\/\/www.fveh.be\/index.php?rest_route=%2Fwp%2Fv2%2Fmedia&parent=356"}],"curies":[{"name":"wp","href":"https:\/\/api.w.org\/{rel}","templated":true}]}}