{"id":233,"date":"2019-03-31T11:49:56","date_gmt":"2019-03-31T11:49:56","guid":{"rendered":"http:\/\/fveh.be\/?page_id=233"},"modified":"2026-02-04T08:04:30","modified_gmt":"2026-02-04T08:04:30","slug":"qui-sommes-nous-3","status":"publish","type":"page","link":"https:\/\/www.fveh.be\/?page_id=233","title":{"rendered":"Espace Exposants \u00ab\u00a0Foire Verte\u00a0\u00bb"},"content":{"rendered":"<div id=\"pl-233\"  class=\"panel-layout\" ><div id=\"pg-233-0\"  class=\"panel-grid panel-no-style\" ><div id=\"pgc-233-0-0\"  class=\"panel-grid-cell panel-grid-cell-empty panel-grid-cell-mobile-last\" ><\/div><div id=\"pgc-233-0-1\"  class=\"panel-grid-cell panel-grid-cell-empty\" ><\/div><\/div><div id=\"pg-233-1\"  class=\"panel-grid panel-no-style\" ><div id=\"pgc-233-1-0\"  class=\"panel-grid-cell\" ><div id=\"panel-233-1-0-0\" class=\"so-panel widget widget_black-studio-tinymce widget_black_studio_tinymce panel-first-child\" data-index=\"0\" ><div class=\"textwidget\"><p><iframe loading=\"lazy\"  style=\"display: block; margin: 0px auto;\"  id=\"_ytid_21823\"  width=\"250\" height=\"250\"  data-origwidth=\"250\" data-origheight=\"250\" src=\"https:\/\/www.youtube.com\/embed\/LhPbbHX1IzM?enablejsapi=1&autoplay=1&cc_load_policy=0&iv_load_policy=3&loop=1&playlist=LhPbbHX1IzM&fs=0&playsinline=0&controls=0&disablekb=0&color=red&cc_lang_pref=&rel=1&autohide=2&theme=dark&\" class=\"__youtube_prefs__  __youtube_prefs_widget__  epyt-is-override  no-lazyload\" title=\"YouTube player\"  allow=\"fullscreen; accelerometer; autoplay; clipboard-write; encrypted-media; gyroscope; picture-in-picture; web-share\" referrerpolicy=\"strict-origin-when-cross-origin\" allowfullscreen data-no-lazy=\"1\" data-skipgform_ajax_framebjll=\"\"><\/iframe><\/p>\n<p>&nbsp;<\/p>\n<\/div><\/div><div id=\"panel-233-1-0-1\" class=\"so-panel widget widget_countdowntimer CountDownTimer panel-last-child\" data-index=\"1\" ><div id=\"widget-1-0-1-countdown\" class=\"tminus_countdown\" style=\"width:auto; height:auto;\"><div class=\"c-3po-countdown omitweeks\"><div id=\"widget-1-0-1-tophtml\" class=\"c-3po-tophtml\"><\/div><div id=\"widget-1-0-1-dashboard\" class=\"c-3po-dashboard\"><div class=\"c-3po-dash c-3po-days_dash\"><div class=\"c-3po-dash_title\">days<\/div><div class=\"c-3po-digit\">8<\/div><div class=\"c-3po-digit\">6<\/div><\/div><div class=\"c-3po-dash c-3po-hours_dash\"><div class=\"c-3po-dash_title\">hours<\/div><div class=\"c-3po-digit\">1<\/div><div class=\"c-3po-digit\">1<\/div><\/div><div class=\"c-3po-dash c-3po-minutes_dash\"><div class=\"c-3po-dash_title\">minutes<\/div><div class=\"c-3po-digit\">4<\/div><div class=\"c-3po-digit\">0<\/div><\/div><div class=\"c-3po-dash c-3po-seconds_dash\"><div class=\"c-3po-dash_title\">seconds<\/div><div class=\"c-3po-digit\">0<\/div><div class=\"c-3po-digit\">6<\/div><\/div><\/div><div id=\"widget-1-0-1-bothtml\" class=\"c-3po-bothtml\"><\/div><\/div><\/div><\/div><\/div><div id=\"pgc-233-1-1\"  class=\"panel-grid-cell\" ><div id=\"panel-233-1-1-0\" class=\"so-panel widget widget_black-studio-tinymce widget_black_studio_tinymce panel-first-child panel-last-child\" data-index=\"2\" ><h3 class=\"widget-title\">Foire Verte de l\u2019Eau d\u2019Heure \u2013 Ao\u00fbt 2026<\/h3><div class=\"textwidget\"><p>&nbsp;<\/p>\n<p style=\"text-align: justify;\">Vous souhaitez participer \u00e0 cet \u00e9v\u00e9nement en tant qu'exposant ?<\/p>\n<p>Vous trouverez dans ces pages le moyen d'acc\u00e9der aux divers documents techniques tels que :<\/p>\n<ul>\n<li>Le plan de la Foire<\/li>\n<li>Les conditions g\u00e9n\u00e9rales de participation<\/li>\n<li>Le formulaire de r\u00e9servation de votre stand<\/li>\n<li>Le tarif des emplacements<\/li>\n<\/ul>\n<p>Nous esp\u00e9rons vous voir bient\u00f4t et sommes bien entendu \u00e0 votre dispositions pour d'autres \u00e9ventuelles informations.<\/p>\n<\/div><\/div><\/div><\/div><\/div>","protected":false},"excerpt":{"rendered":"<p>https:\/\/youtu.be\/LhPbbHX1IzM &nbsp; &nbsp; Vous souhaitez participer \u00e0 cet \u00e9v\u00e9nement en tant qu&rsquo;exposant ? Vous trouverez dans ces pages le moyen d&rsquo;acc\u00e9der aux divers documents techniques tels que : Le plan de la Foire Les conditions g\u00e9n\u00e9rales de participation Le formulaire de r\u00e9servation de votre stand Le tarif des emplacements Nous esp\u00e9rons vous voir bient\u00f4t et <a class=\"read-more-link\" href=\"https:\/\/www.fveh.be\/?page_id=233\">Lire la suite&#8230;<\/a><\/p>\n","protected":false},"author":2,"featured_media":0,"parent":0,"menu_order":0,"comment_status":"closed","ping_status":"closed","template":"template-builder-page.php","meta":{"_acf_changed":false,"jetpack_post_was_ever_published":false,"footnotes":""},"class_list":["post-233","page","type-page","status-publish","hentry"],"acf":[],"jetpack_sharing_enabled":true,"jetpack_shortlink":"https:\/\/wp.me\/PaRd9Q-3L","_links":{"self":[{"href":"https:\/\/www.fveh.be\/index.php?rest_route=\/wp\/v2\/pages\/233","targetHints":{"allow":["GET"]}}],"collection":[{"href":"https:\/\/www.fveh.be\/index.php?rest_route=\/wp\/v2\/pages"}],"about":[{"href":"https:\/\/www.fveh.be\/index.php?rest_route=\/wp\/v2\/types\/page"}],"author":[{"embeddable":true,"href":"https:\/\/www.fveh.be\/index.php?rest_route=\/wp\/v2\/users\/2"}],"replies":[{"embeddable":true,"href":"https:\/\/www.fveh.be\/index.php?rest_route=%2Fwp%2Fv2%2Fcomments&post=233"}],"version-history":[{"count":27,"href":"https:\/\/www.fveh.be\/index.php?rest_route=\/wp\/v2\/pages\/233\/revisions"}],"predecessor-version":[{"id":1879,"href":"https:\/\/www.fveh.be\/index.php?rest_route=\/wp\/v2\/pages\/233\/revisions\/1879"}],"wp:attachment":[{"href":"https:\/\/www.fveh.be\/index.php?rest_route=%2Fwp%2Fv2%2Fmedia&parent=233"}],"curies":[{"name":"wp","href":"https:\/\/api.w.org\/{rel}","templated":true}]}}