{"id":2008,"date":"2026-02-20T08:59:06","date_gmt":"2026-02-20T08:59:06","guid":{"rendered":"https:\/\/www.fveh.be\/?page_id=2008"},"modified":"2026-02-20T09:01:57","modified_gmt":"2026-02-20T09:01:57","slug":"album-food-2025","status":"publish","type":"page","link":"https:\/\/www.fveh.be\/?page_id=2008","title":{"rendered":"Album \u00ab\u00a0Militaria &#8211; Chevaux\u00a0\u00bb 2025"},"content":{"rendered":"<div id=\"pl-2008\"  class=\"panel-layout\" ><div id=\"pg-2008-0\"  class=\"panel-grid panel-no-style\" ><div id=\"pgc-2008-0-0\"  class=\"panel-grid-cell\" ><div id=\"panel-2008-0-0-0\" class=\"so-panel widget widget_black-studio-tinymce widget_black_studio_tinymce panel-first-child panel-last-child\" data-index=\"0\" ><div class=\"textwidget\"><h4><span style=\"color: #ffffff;\">.<\/span><\/h4>\n<h4 style=\"text-align: center;\"><strong>Certains d'entre-vous se souviendront avoir \u00e9t\u00e9 pr\u00e9sents !<br \/>\nVous n'avez jamais visit\u00e9 notre Foire Verte ?\u00a0 Ces albums photos vous donneront des envies de visite !<\/strong><\/h4>\n<\/div><\/div><\/div><\/div><div id=\"pg-2008-1\"  class=\"panel-grid panel-no-style\" ><div id=\"pgc-2008-1-0\"  class=\"panel-grid-cell\" ><div id=\"panel-2008-1-0-0\" class=\"so-panel widget widget_black-studio-tinymce widget_black_studio_tinymce panel-first-child panel-last-child\" data-index=\"1\" ><div class=\"textwidget\"><p style=\"text-align: center;\"><\/p>\n<\/div><\/div><\/div><\/div><\/div>","protected":false},"excerpt":{"rendered":"<p>. Certains d&rsquo;entre-vous se souviendront avoir \u00e9t\u00e9 pr\u00e9sents ! Vous n&rsquo;avez jamais visit\u00e9 notre Foire Verte ?\u00a0 Ces albums photos vous donneront des envies de visite !<\/p>\n","protected":false},"author":2,"featured_media":0,"parent":1998,"menu_order":0,"comment_status":"closed","ping_status":"closed","template":"template-builder-page.php","meta":{"_acf_changed":false,"jetpack_post_was_ever_published":false,"footnotes":""},"class_list":["post-2008","page","type-page","status-publish","hentry"],"acf":[],"jetpack_sharing_enabled":true,"jetpack_shortlink":"https:\/\/wp.me\/PaRd9Q-wo","_links":{"self":[{"href":"https:\/\/www.fveh.be\/index.php?rest_route=\/wp\/v2\/pages\/2008","targetHints":{"allow":["GET"]}}],"collection":[{"href":"https:\/\/www.fveh.be\/index.php?rest_route=\/wp\/v2\/pages"}],"about":[{"href":"https:\/\/www.fveh.be\/index.php?rest_route=\/wp\/v2\/types\/page"}],"author":[{"embeddable":true,"href":"https:\/\/www.fveh.be\/index.php?rest_route=\/wp\/v2\/users\/2"}],"replies":[{"embeddable":true,"href":"https:\/\/www.fveh.be\/index.php?rest_route=%2Fwp%2Fv2%2Fcomments&post=2008"}],"version-history":[{"count":2,"href":"https:\/\/www.fveh.be\/index.php?rest_route=\/wp\/v2\/pages\/2008\/revisions"}],"predecessor-version":[{"id":2010,"href":"https:\/\/www.fveh.be\/index.php?rest_route=\/wp\/v2\/pages\/2008\/revisions\/2010"}],"up":[{"embeddable":true,"href":"https:\/\/www.fveh.be\/index.php?rest_route=\/wp\/v2\/pages\/1998"}],"wp:attachment":[{"href":"https:\/\/www.fveh.be\/index.php?rest_route=%2Fwp%2Fv2%2Fmedia&parent=2008"}],"curies":[{"name":"wp","href":"https:\/\/api.w.org\/{rel}","templated":true}]}}