{"id":1998,"date":"2026-02-20T08:15:52","date_gmt":"2026-02-20T08:15:52","guid":{"rendered":"https:\/\/www.fveh.be\/?page_id=1998"},"modified":"2026-02-20T09:17:13","modified_gmt":"2026-02-20T09:17:13","slug":"album-souvenir-2019","status":"publish","type":"page","link":"https:\/\/www.fveh.be\/?page_id=1998","title":{"rendered":"Album Souvenir 2025"},"content":{"rendered":"<div id=\"pl-1998\"  class=\"panel-layout\" ><div id=\"pg-1998-0\"  class=\"panel-grid panel-no-style\" ><div id=\"pgc-1998-0-0\"  class=\"panel-grid-cell\" ><div id=\"panel-1998-0-0-0\" class=\"so-panel widget widget_black-studio-tinymce widget_black_studio_tinymce panel-first-child panel-last-child\" data-index=\"0\" ><div class=\"textwidget\"><h4><span style=\"color: #ffffff;\">.<\/span><\/h4>\n<h4 style=\"text-align: center;\"><strong>Certains d'entre-vous se souviendront avoir \u00e9t\u00e9 pr\u00e9sents !<br \/>\nVous n'avez jamais visit\u00e9 notre Foire Verte ?\u00a0 Ces albums photos vous donneront des envies de visite !<\/strong><\/h4>\n<\/div><\/div><\/div><\/div><div id=\"pg-1998-1\"  class=\"panel-grid panel-no-style\" ><div id=\"pgc-1998-1-0\"  class=\"panel-grid-cell\" ><div id=\"panel-1998-1-0-0\" class=\"so-panel widget widget_black-studio-tinymce widget_black_studio_tinymce panel-first-child panel-last-child\" data-index=\"1\" ><div class=\"textwidget\"><h4 style=\"text-align: center;\"><a href=\"https:\/\/www.fveh.be\/?page_id=2012\">\"Artisans - Exposants\" 2025<\/a><\/h4>\n<p><a href=\"https:\/\/www.fveh.be\/?page_id=2012\"><img loading=\"lazy\" decoding=\"async\" class=\"aligncenter wp-image-1947\" src=\"https:\/\/www.fveh.be\/wp-content\/uploads\/slider20\/DSC04048-1024x681.jpeg\" alt=\"\" width=\"599\" height=\"399\" srcset=\"https:\/\/www.fveh.be\/wp-content\/uploads\/slider20\/DSC04048-1024x681.jpeg 1024w, https:\/\/www.fveh.be\/wp-content\/uploads\/slider20\/DSC04048-300x200.jpeg 300w, https:\/\/www.fveh.be\/wp-content\/uploads\/slider20\/DSC04048-768x511.jpeg 768w, https:\/\/www.fveh.be\/wp-content\/uploads\/slider20\/DSC04048-1536x1022.jpeg 1536w, https:\/\/www.fveh.be\/wp-content\/uploads\/slider20\/DSC04048-2048x1363.jpeg 2048w, https:\/\/www.fveh.be\/wp-content\/uploads\/slider20\/DSC04048-555x369.jpeg 555w, https:\/\/www.fveh.be\/wp-content\/uploads\/slider20\/DSC04048-272x182.jpeg 272w\" sizes=\"auto, (max-width: 599px) 100vw, 599px\" \/><\/a><\/p>\n<\/div><\/div><\/div><div id=\"pgc-1998-1-1\"  class=\"panel-grid-cell\" ><div id=\"panel-1998-1-1-0\" class=\"so-panel widget widget_black-studio-tinymce widget_black_studio_tinymce panel-first-child panel-last-child\" data-index=\"2\" ><div class=\"textwidget\"><h4 style=\"text-align: center;\"><a href=\"https:\/\/www.fveh.be\/?page_id=2008\">\"Militaria - Chevaux\" 2025<\/a><\/h4>\n<p><a href=\"https:\/\/www.fveh.be\/?page_id=2008\"><img loading=\"lazy\" decoding=\"async\" class=\"aligncenter wp-image-1931\" src=\"https:\/\/www.fveh.be\/wp-content\/uploads\/slider19\/DSC04007-1024x681.jpeg\" alt=\"\" width=\"599\" height=\"399\" srcset=\"https:\/\/www.fveh.be\/wp-content\/uploads\/slider19\/DSC04007-1024x681.jpeg 1024w, https:\/\/www.fveh.be\/wp-content\/uploads\/slider19\/DSC04007-300x200.jpeg 300w, https:\/\/www.fveh.be\/wp-content\/uploads\/slider19\/DSC04007-768x511.jpeg 768w, https:\/\/www.fveh.be\/wp-content\/uploads\/slider19\/DSC04007-1536x1022.jpeg 1536w, https:\/\/www.fveh.be\/wp-content\/uploads\/slider19\/DSC04007-2048x1363.jpeg 2048w, https:\/\/www.fveh.be\/wp-content\/uploads\/slider19\/DSC04007-555x369.jpeg 555w, https:\/\/www.fveh.be\/wp-content\/uploads\/slider19\/DSC04007-272x182.jpeg 272w\" sizes=\"auto, (max-width: 599px) 100vw, 599px\" \/><\/a><\/p>\n<\/div><\/div><\/div><div id=\"pgc-1998-1-2\"  class=\"panel-grid-cell\" ><div id=\"panel-1998-1-2-0\" class=\"so-panel widget widget_black-studio-tinymce widget_black_studio_tinymce panel-first-child panel-last-child\" data-index=\"3\" ><div class=\"textwidget\"><h4 style=\"text-align: center;\"><a href=\"https:\/\/www.fveh.be\/?page_id=1994\">\"Food\" 2025<\/a><\/h4>\n<p><a href=\"https:\/\/www.fveh.be\/?page_id=1994\"><img loading=\"lazy\" decoding=\"async\" class=\"aligncenter wp-image-1908\" src=\"https:\/\/www.fveh.be\/wp-content\/uploads\/slider12\/DSC04091-1024x681.jpeg\" alt=\"\" width=\"600\" height=\"399\" srcset=\"https:\/\/www.fveh.be\/wp-content\/uploads\/slider12\/DSC04091-1024x681.jpeg 1024w, https:\/\/www.fveh.be\/wp-content\/uploads\/slider12\/DSC04091-300x200.jpeg 300w, https:\/\/www.fveh.be\/wp-content\/uploads\/slider12\/DSC04091-768x511.jpeg 768w, https:\/\/www.fveh.be\/wp-content\/uploads\/slider12\/DSC04091-1536x1022.jpeg 1536w, https:\/\/www.fveh.be\/wp-content\/uploads\/slider12\/DSC04091-2048x1363.jpeg 2048w, https:\/\/www.fveh.be\/wp-content\/uploads\/slider12\/DSC04091-555x369.jpeg 555w, https:\/\/www.fveh.be\/wp-content\/uploads\/slider12\/DSC04091-272x182.jpeg 272w\" sizes=\"auto, (max-width: 600px) 100vw, 600px\" \/><\/a><\/p>\n<\/div><\/div><\/div><\/div><\/div>","protected":false},"excerpt":{"rendered":"<p>. Certains d&rsquo;entre-vous se souviendront avoir \u00e9t\u00e9 pr\u00e9sents ! Vous n&rsquo;avez jamais visit\u00e9 notre Foire Verte ?\u00a0 Ces albums photos vous donneront des envies de visite ! \u00ab\u00a0Artisans &#8211; Exposants\u00a0\u00bb 2025 \u00ab\u00a0Militaria &#8211; Chevaux\u00a0\u00bb 2025 \u00ab\u00a0Food\u00a0\u00bb 2025<\/p>\n","protected":false},"author":2,"featured_media":0,"parent":608,"menu_order":0,"comment_status":"closed","ping_status":"closed","template":"template-builder-page.php","meta":{"_acf_changed":false,"jetpack_post_was_ever_published":false,"footnotes":""},"class_list":["post-1998","page","type-page","status-publish","hentry"],"acf":[],"jetpack_sharing_enabled":true,"jetpack_shortlink":"https:\/\/wp.me\/PaRd9Q-we","_links":{"self":[{"href":"https:\/\/www.fveh.be\/index.php?rest_route=\/wp\/v2\/pages\/1998","targetHints":{"allow":["GET"]}}],"collection":[{"href":"https:\/\/www.fveh.be\/index.php?rest_route=\/wp\/v2\/pages"}],"about":[{"href":"https:\/\/www.fveh.be\/index.php?rest_route=\/wp\/v2\/types\/page"}],"author":[{"embeddable":true,"href":"https:\/\/www.fveh.be\/index.php?rest_route=\/wp\/v2\/users\/2"}],"replies":[{"embeddable":true,"href":"https:\/\/www.fveh.be\/index.php?rest_route=%2Fwp%2Fv2%2Fcomments&post=1998"}],"version-history":[{"count":5,"href":"https:\/\/www.fveh.be\/index.php?rest_route=\/wp\/v2\/pages\/1998\/revisions"}],"predecessor-version":[{"id":2017,"href":"https:\/\/www.fveh.be\/index.php?rest_route=\/wp\/v2\/pages\/1998\/revisions\/2017"}],"up":[{"embeddable":true,"href":"https:\/\/www.fveh.be\/index.php?rest_route=\/wp\/v2\/pages\/608"}],"wp:attachment":[{"href":"https:\/\/www.fveh.be\/index.php?rest_route=%2Fwp%2Fv2%2Fmedia&parent=1998"}],"curies":[{"name":"wp","href":"https:\/\/api.w.org\/{rel}","templated":true}]}}