{"id":1994,"date":"2026-02-20T08:10:14","date_gmt":"2026-02-20T08:10:14","guid":{"rendered":"https:\/\/www.fveh.be\/?page_id=1994"},"modified":"2026-02-20T08:13:40","modified_gmt":"2026-02-20T08:13:40","slug":"album-tres-terroir-2019","status":"publish","type":"page","link":"https:\/\/www.fveh.be\/?page_id=1994","title":{"rendered":"Album \u00ab\u00a0Food\u00a0\u00bb 2025"},"content":{"rendered":"<div id=\"pl-1994\"  class=\"panel-layout\" ><div id=\"pg-1994-0\"  class=\"panel-grid panel-no-style\" ><div id=\"pgc-1994-0-0\"  class=\"panel-grid-cell\" ><div id=\"panel-1994-0-0-0\" class=\"so-panel widget widget_black-studio-tinymce widget_black_studio_tinymce panel-first-child panel-last-child\" data-index=\"0\" ><div class=\"textwidget\"><h4><span style=\"color: #ffffff;\">.<\/span><\/h4>\n<h4 style=\"text-align: center;\"><strong>Certains d'entre-vous se souviendront avoir \u00e9t\u00e9 pr\u00e9sents !<br \/>\nVous n'avez jamais visit\u00e9 notre Foire Verte ?\u00a0 Ces albums photos vous donneront des envies de visite !<\/strong><\/h4>\n<\/div><\/div><\/div><\/div><div id=\"pg-1994-1\"  class=\"panel-grid panel-no-style\" ><div id=\"pgc-1994-1-0\"  class=\"panel-grid-cell\" ><div id=\"panel-1994-1-0-0\" class=\"so-panel widget widget_black-studio-tinymce widget_black_studio_tinymce panel-first-child panel-last-child\" data-index=\"1\" ><div class=\"textwidget\"><p style=\"text-align: center;\"><\/p>\n<\/div><\/div><\/div><\/div><\/div>","protected":false},"excerpt":{"rendered":"<p>. Certains d&rsquo;entre-vous se souviendront avoir \u00e9t\u00e9 pr\u00e9sents ! Vous n&rsquo;avez jamais visit\u00e9 notre Foire Verte ?\u00a0 Ces albums photos vous donneront des envies de visite !<\/p>\n","protected":false},"author":2,"featured_media":0,"parent":808,"menu_order":0,"comment_status":"closed","ping_status":"closed","template":"template-builder-page.php","meta":{"_acf_changed":false,"jetpack_post_was_ever_published":false,"footnotes":""},"class_list":["post-1994","page","type-page","status-publish","hentry"],"acf":[],"jetpack_sharing_enabled":true,"jetpack_shortlink":"https:\/\/wp.me\/PaRd9Q-wa","_links":{"self":[{"href":"https:\/\/www.fveh.be\/index.php?rest_route=\/wp\/v2\/pages\/1994","targetHints":{"allow":["GET"]}}],"collection":[{"href":"https:\/\/www.fveh.be\/index.php?rest_route=\/wp\/v2\/pages"}],"about":[{"href":"https:\/\/www.fveh.be\/index.php?rest_route=\/wp\/v2\/types\/page"}],"author":[{"embeddable":true,"href":"https:\/\/www.fveh.be\/index.php?rest_route=\/wp\/v2\/users\/2"}],"replies":[{"embeddable":true,"href":"https:\/\/www.fveh.be\/index.php?rest_route=%2Fwp%2Fv2%2Fcomments&post=1994"}],"version-history":[{"count":3,"href":"https:\/\/www.fveh.be\/index.php?rest_route=\/wp\/v2\/pages\/1994\/revisions"}],"predecessor-version":[{"id":1997,"href":"https:\/\/www.fveh.be\/index.php?rest_route=\/wp\/v2\/pages\/1994\/revisions\/1997"}],"up":[{"embeddable":true,"href":"https:\/\/www.fveh.be\/index.php?rest_route=\/wp\/v2\/pages\/808"}],"wp:attachment":[{"href":"https:\/\/www.fveh.be\/index.php?rest_route=%2Fwp%2Fv2%2Fmedia&parent=1994"}],"curies":[{"name":"wp","href":"https:\/\/api.w.org\/{rel}","templated":true}]}}