{"id":184,"date":"2019-03-28T14:47:00","date_gmt":"2019-03-28T14:47:00","guid":{"rendered":"http:\/\/fveh.be\/?page_id=184"},"modified":"2026-03-17T09:49:17","modified_gmt":"2026-03-17T09:49:17","slug":"qui-sommes-nous-2-2","status":"publish","type":"page","link":"https:\/\/www.fveh.be\/?page_id=184","title":{"rendered":"R\u00e9servation d&rsquo;un Stand Foire Verte"},"content":{"rendered":"<div id=\"pl-184\"  class=\"panel-layout\" ><div id=\"pg-184-0\"  class=\"panel-grid panel-no-style\" ><div id=\"pgc-184-0-0\"  class=\"panel-grid-cell panel-grid-cell-empty panel-grid-cell-mobile-last\" ><\/div><div id=\"pgc-184-0-1\"  class=\"panel-grid-cell panel-grid-cell-empty\" ><\/div><\/div><div id=\"pg-184-1\"  class=\"panel-grid panel-no-style\" ><div id=\"pgc-184-1-0\"  class=\"panel-grid-cell\" ><div id=\"panel-184-1-0-0\" class=\"so-panel widget widget_black-studio-tinymce widget_black_studio_tinymce panel-first-child\" data-index=\"0\" ><div class=\"textwidget\"><p>&nbsp;<\/p>\n<p><img loading=\"lazy\" decoding=\"async\" class=\"alignnone wp-image-200 aligncenter\" src=\"https:\/\/www.fveh.be\/wp-content\/uploads\/2019\/03\/R\u00e9servation-Stand-300x208.jpg\" alt=\"\" width=\"244\" height=\"169\" srcset=\"https:\/\/www.fveh.be\/wp-content\/uploads\/2019\/03\/R\u00e9servation-Stand-300x208.jpg 300w, https:\/\/www.fveh.be\/wp-content\/uploads\/2019\/03\/R\u00e9servation-Stand.jpg 323w\" sizes=\"auto, (max-width: 244px) 100vw, 244px\" \/><\/p>\n<p>&nbsp;<\/p>\n<p style=\"text-align: center;\"><a href=\"https:\/\/www.fveh.be\/?page_id=327\"><span style=\"font-size: 12pt;\">Vers les Conditions G\u00e9n\u00e9rales<\/span><\/a><\/p>\n<p style=\"text-align: center;\"><a href=\"https:\/\/www.fveh.be\/?page_id=251\"><span style=\"font-size: 12pt;\">Vers le Tarif et le Plan de la Foire<\/span><\/a><\/p>\n<\/div><\/div><div id=\"panel-184-1-0-1\" class=\"so-panel widget widget_countdowntimer CountDownTimer panel-last-child\" data-index=\"1\" ><div id=\"widget-1-0-1-countdown\" class=\"tminus_countdown\" style=\"width:auto; height:auto;\"><div class=\"c-3po-countdown omitweeks\"><div id=\"widget-1-0-1-tophtml\" class=\"c-3po-tophtml\"><\/div><div id=\"widget-1-0-1-dashboard\" class=\"c-3po-dashboard\"><div class=\"c-3po-dash c-3po-days_dash\"><div class=\"c-3po-dash_title\">days<\/div><div class=\"c-3po-digit\">8<\/div><div class=\"c-3po-digit\">6<\/div><\/div><div class=\"c-3po-dash c-3po-hours_dash\"><div class=\"c-3po-dash_title\">hours<\/div><div class=\"c-3po-digit\">1<\/div><div class=\"c-3po-digit\">1<\/div><\/div><div class=\"c-3po-dash c-3po-minutes_dash\"><div class=\"c-3po-dash_title\">minutes<\/div><div class=\"c-3po-digit\">3<\/div><div class=\"c-3po-digit\">7<\/div><\/div><div class=\"c-3po-dash c-3po-seconds_dash\"><div class=\"c-3po-dash_title\">seconds<\/div><div class=\"c-3po-digit\">3<\/div><div class=\"c-3po-digit\">5<\/div><\/div><\/div><div id=\"widget-1-0-1-bothtml\" class=\"c-3po-bothtml\"><\/div><\/div><\/div><\/div><\/div><div id=\"pgc-184-1-1\"  class=\"panel-grid-cell\" ><div id=\"panel-184-1-1-0\" class=\"so-panel widget widget_black-studio-tinymce widget_black_studio_tinymce panel-first-child panel-last-child\" data-index=\"2\" ><div class=\"panel-widget-style panel-widget-style-for-184-1-1-0\" ><div class=\"textwidget\"><h6><\/h6>\n<h6><span style=\"color: #ffffff;\">.<\/span><\/h6>\n<h3>R\u00e9servez sans tarder votre emplacement (stand) \u00e0 l'aide du formulaire de r\u00e9servation.<\/h3>\n<p>&nbsp;<\/p>\n<h4 style=\"color: red;\">Le lien de t\u00e9l\u00e9chargement du formulaire de r\u00e9servation est le suivant :<br \/>\n<a href=\"https:\/\/www.fveh.be\/wp-content\/uploads\/2026\/03\/Formulaire-de-reservation-Stands-2026.pdf\">FVEH - Formulaire R\u00e9servation 2026<\/a><\/h4>\n<h4 style=\"color: red;\">Compl\u00e9tez ce formulaire et renvoyez le par e-mail \u00e0 l'adresse suivante :<br \/>\n<a href=\"mailto:info@fveh.be\">info@fveh.be<\/a><\/h4>\n<h4 style=\"color: red;\">.<br \/>\n<span style=\"color: #ff0000;\">Le paiement de votre emplacement devra se faire sur le compte bancaire de l'ASBL C.T.C.D.<br \/>\nsuivant :\u00a0 <span style=\"color: #0000ff;\"><span style=\"color: #3366ff;\">BELFIUS - BE07 0689 3226 1266<\/span><br \/>\n<\/span>.<\/span><\/h4>\n<h4>Pour plus d'informations, n'h\u00e9sitez pas \u00e0 appeler M\u00e9lanie au 0492.31.90.47<\/h4>\n<\/div><\/div><\/div><\/div><\/div><\/div>","protected":false},"excerpt":{"rendered":"<p>&nbsp; &nbsp; Vers les Conditions G\u00e9n\u00e9rales Vers le Tarif et le Plan de la Foire . R\u00e9servez sans tarder votre emplacement (stand) \u00e0 l&rsquo;aide du formulaire de r\u00e9servation. &nbsp; Le lien de t\u00e9l\u00e9chargement du formulaire de r\u00e9servation est le suivant : FVEH &#8211; Formulaire R\u00e9servation 2026 Compl\u00e9tez ce formulaire et renvoyez le par e-mail \u00e0 <a class=\"read-more-link\" href=\"https:\/\/www.fveh.be\/?page_id=184\">Lire la suite&#8230;<\/a><\/p>\n","protected":false},"author":2,"featured_media":0,"parent":233,"menu_order":0,"comment_status":"closed","ping_status":"closed","template":"template-builder-page.php","meta":{"_acf_changed":false,"jetpack_post_was_ever_published":false,"footnotes":""},"class_list":["post-184","page","type-page","status-publish","hentry"],"acf":[],"jetpack_sharing_enabled":true,"jetpack_shortlink":"https:\/\/wp.me\/PaRd9Q-2Y","_links":{"self":[{"href":"https:\/\/www.fveh.be\/index.php?rest_route=\/wp\/v2\/pages\/184","targetHints":{"allow":["GET"]}}],"collection":[{"href":"https:\/\/www.fveh.be\/index.php?rest_route=\/wp\/v2\/pages"}],"about":[{"href":"https:\/\/www.fveh.be\/index.php?rest_route=\/wp\/v2\/types\/page"}],"author":[{"embeddable":true,"href":"https:\/\/www.fveh.be\/index.php?rest_route=\/wp\/v2\/users\/2"}],"replies":[{"embeddable":true,"href":"https:\/\/www.fveh.be\/index.php?rest_route=%2Fwp%2Fv2%2Fcomments&post=184"}],"version-history":[{"count":74,"href":"https:\/\/www.fveh.be\/index.php?rest_route=\/wp\/v2\/pages\/184\/revisions"}],"predecessor-version":[{"id":2022,"href":"https:\/\/www.fveh.be\/index.php?rest_route=\/wp\/v2\/pages\/184\/revisions\/2022"}],"up":[{"embeddable":true,"href":"https:\/\/www.fveh.be\/index.php?rest_route=\/wp\/v2\/pages\/233"}],"wp:attachment":[{"href":"https:\/\/www.fveh.be\/index.php?rest_route=%2Fwp%2Fv2%2Fmedia&parent=184"}],"curies":[{"name":"wp","href":"https:\/\/api.w.org\/{rel}","templated":true}]}}