{"id":171,"date":"2019-03-28T13:18:52","date_gmt":"2019-03-28T13:18:52","guid":{"rendered":"http:\/\/fveh.be\/?page_id=171"},"modified":"2019-04-01T11:16:08","modified_gmt":"2019-04-01T11:16:08","slug":"qui-sommes-nous-2","status":"publish","type":"page","link":"https:\/\/www.fveh.be\/?page_id=171","title":{"rendered":"Abonnement Newsletter"},"content":{"rendered":"<div id=\"pl-171\"  class=\"panel-layout\" ><div id=\"pg-171-0\"  class=\"panel-grid panel-no-style\" ><div id=\"pgc-171-0-0\"  class=\"panel-grid-cell\" ><div id=\"panel-171-0-0-0\" class=\"so-panel widget widget_black-studio-tinymce widget_black_studio_tinymce panel-first-child panel-last-child\" data-index=\"0\" ><div class=\"textwidget\"><p>&nbsp;<\/p>\n<p><img loading=\"lazy\" decoding=\"async\" class=\"alignnone  wp-image-173\" src=\"https:\/\/www.fveh.be\/wp-content\/uploads\/2019\/03\/Newsletter-300x200.jpg\" alt=\"\" width=\"228\" height=\"152\" \/><\/p>\n<\/div><\/div><\/div><div id=\"pgc-171-0-1\"  class=\"panel-grid-cell\" ><div id=\"panel-171-0-1-0\" class=\"so-panel widget widget_black-studio-tinymce widget_black_studio_tinymce panel-first-child panel-last-child\" data-index=\"1\" ><div class=\"textwidget\"><p>&nbsp;<\/p>\n<p>En vous abonnant \u00e0 notre newsletter, vous serez r\u00e9guli\u00e8rement inform\u00e9(e) au sujet de :<\/p>\n<ul>\n<li>Nos prochaines foires et expositions<\/li>\n<li>Nos projets d'agrandissement<\/li>\n<li>Nos nouveaux albums photos<\/li>\n<li>Et toute autre information qui vous serait utile<\/li>\n<\/ul>\n<p>[mailpoet_form id=\"1\"]<\/p>\n<\/div><\/div><\/div><\/div><\/div>","protected":false},"excerpt":{"rendered":"<p>&nbsp; &nbsp; En vous abonnant \u00e0 notre newsletter, vous serez r\u00e9guli\u00e8rement inform\u00e9(e) au sujet de : Nos prochaines foires et expositions Nos projets d&rsquo;agrandissement Nos nouveaux albums photos Et toute autre information qui vous serait utile [mailpoet_form id=\u00a0\u00bb1&Prime;]<\/p>\n","protected":false},"author":2,"featured_media":0,"parent":96,"menu_order":0,"comment_status":"closed","ping_status":"closed","template":"template-builder-page.php","meta":{"_acf_changed":false,"jetpack_post_was_ever_published":false,"footnotes":""},"class_list":["post-171","page","type-page","status-publish","hentry"],"acf":[],"jetpack_sharing_enabled":true,"jetpack_shortlink":"https:\/\/wp.me\/PaRd9Q-2L","_links":{"self":[{"href":"https:\/\/www.fveh.be\/index.php?rest_route=\/wp\/v2\/pages\/171","targetHints":{"allow":["GET"]}}],"collection":[{"href":"https:\/\/www.fveh.be\/index.php?rest_route=\/wp\/v2\/pages"}],"about":[{"href":"https:\/\/www.fveh.be\/index.php?rest_route=\/wp\/v2\/types\/page"}],"author":[{"embeddable":true,"href":"https:\/\/www.fveh.be\/index.php?rest_route=\/wp\/v2\/users\/2"}],"replies":[{"embeddable":true,"href":"https:\/\/www.fveh.be\/index.php?rest_route=%2Fwp%2Fv2%2Fcomments&post=171"}],"version-history":[{"count":3,"href":"https:\/\/www.fveh.be\/index.php?rest_route=\/wp\/v2\/pages\/171\/revisions"}],"predecessor-version":[{"id":332,"href":"https:\/\/www.fveh.be\/index.php?rest_route=\/wp\/v2\/pages\/171\/revisions\/332"}],"up":[{"embeddable":true,"href":"https:\/\/www.fveh.be\/index.php?rest_route=\/wp\/v2\/pages\/96"}],"wp:attachment":[{"href":"https:\/\/www.fveh.be\/index.php?rest_route=%2Fwp%2Fv2%2Fmedia&parent=171"}],"curies":[{"name":"wp","href":"https:\/\/api.w.org\/{rel}","templated":true}]}}