{"id":128,"date":"2019-03-28T10:26:13","date_gmt":"2019-03-28T10:26:13","guid":{"rendered":"http:\/\/fveh.be\/?page_id=128"},"modified":"2019-04-01T11:14:16","modified_gmt":"2019-04-01T11:14:16","slug":"mentions-legales-2","status":"publish","type":"page","link":"https:\/\/www.fveh.be\/?page_id=128","title":{"rendered":"Politique de Confidentialit\u00e9"},"content":{"rendered":"<div id=\"pl-128\"  class=\"panel-layout\" ><div id=\"pg-128-0\"  class=\"panel-grid panel-no-style\" ><div id=\"pgc-128-0-0\"  class=\"panel-grid-cell\" ><div id=\"panel-128-0-0-0\" class=\"so-panel widget widget_black-studio-tinymce widget_black_studio_tinymce panel-first-child panel-last-child\" data-index=\"0\" ><div class=\"textwidget\"><p>&nbsp;<\/p>\n<p><img loading=\"lazy\" decoding=\"async\" class=\"alignnone size-medium wp-image-129\" src=\"https:\/\/www.fveh.be\/wp-content\/uploads\/2019\/03\/politique_confidentialit\u00e9_IMG1-e1553769989953-300x167.jpg\" alt=\"\" width=\"300\" height=\"167\" srcset=\"https:\/\/www.fveh.be\/wp-content\/uploads\/2019\/03\/politique_confidentialit\u00e9_IMG1-e1553769989953-300x167.jpg 300w, https:\/\/www.fveh.be\/wp-content\/uploads\/2019\/03\/politique_confidentialit\u00e9_IMG1-e1553769989953-360x202.jpg 360w, https:\/\/www.fveh.be\/wp-content\/uploads\/2019\/03\/politique_confidentialit\u00e9_IMG1-e1553769989953.jpg 404w\" sizes=\"auto, (max-width: 300px) 100vw, 300px\" \/><\/p>\n<\/div><\/div><\/div><div id=\"pgc-128-0-1\"  class=\"panel-grid-cell\" ><div id=\"panel-128-0-1-0\" class=\"so-panel widget widget_black-studio-tinymce widget_black_studio_tinymce panel-first-child panel-last-child\" data-index=\"1\" ><div class=\"textwidget\"><p>&nbsp;<\/p>\n<h2><strong>Introduction<\/strong><\/h2>\n<p>Devant le d\u00e9veloppement des nouveaux outils de communication, il est n\u00e9cessaire de porter une attention particuli\u00e8re \u00e0 la protection de la vie priv\u00e9e. C'est pourquoi, nous nous engageons \u00e0 respecter la confidentialit\u00e9 des renseignements personnels que nous collectons.<\/p>\n<h2>Collecte des renseignements personnels<\/h2>\n<p>Nous collectons les renseignements suivants :<\/p>\n<ul>\n<li>Nom<\/li>\n<li>Pr\u00e9nom<\/li>\n<li>Adresse postale<\/li>\n<li>Code postal<\/li>\n<li>Adresse \u00e9lectronique<\/li>\n<li>Num\u00e9ro de t\u00e9l\u00e9phone \/ t\u00e9l\u00e9copieur<\/li>\n<\/ul>\n<p>Les renseignements personnels que nous collectons sont recueillis au travers de formulaires et gr\u00e2ce \u00e0 l'interactivit\u00e9 \u00e9tablie entre vous et notre site Web. Nous utilisons \u00e9galement, comme indiqu\u00e9 dans la section suivante, des fichiers t\u00e9moins et\/ou journaux pour r\u00e9unir des informations vous concernant.<\/p>\n<h2>Formulaires\u00a0 et interactivit\u00e9:<\/h2>\n<p>Vos renseignements personnels sont collect\u00e9s par le biais de formulaires, \u00e0 savoir :<\/p>\n<ul>\n<li>Formulaire d'inscription au site Web et \u00e0 sa Newsleter<\/li>\n<li>Formulaire de r\u00e9servation d'emplacements de foires<\/li>\n<li>Formulaire de contacts<\/li>\n<\/ul>\n<p>Nous utilisons les renseignements ainsi collect\u00e9s pour les finalit\u00e9s suivantes :<\/p>\n<ul>\n<li>Informations et Offres promotionnelles<\/li>\n<li>R\u00e9servation d'espaces foires, brocantes et autres<\/li>\n<li>Contact<\/li>\n<\/ul>\n<p>Vos renseignements sont \u00e9galement collect\u00e9s par le biais de l'interactivit\u00e9 pouvant s'\u00e9tablir entre vous et notre site Web et ce, de la fa\u00e7on suivante:<\/p>\n<ul>\n<li>Contact<\/li>\n<\/ul>\n<p>Nous utilisons les renseignements ainsi collect\u00e9s pour les finalit\u00e9s suivantes :<\/p>\n<ul>\n<li>Forum ou aire de discussion<\/li>\n<li>Commentaires<\/li>\n<li>Informations pour des offres promotionnelles<\/li>\n<\/ul>\n<h2>Fichiers journaux et t\u00e9moins<\/h2>\n<p>Nous recueillons certaines informations par le biais de fichiers journaux (log file) et de fichiers t\u00e9moins (cookies). Il s'agit principalement des informations suivantes :<\/p>\n<ul>\n<li>Pages visit\u00e9es et requ\u00eates<\/li>\n<\/ul>\n<p>Le recours \u00e0 de tels fichiers nous permet :<\/p>\n<ul>\n<li>L'am\u00e9lioration du service et de l'accueil personnalis\u00e9<\/li>\n<li>Statistiques<\/li>\n<\/ul>\n<h2>Droit d'opposition et de retrait<\/h2>\n<p>Nous nous engageons \u00e0 vous offrir un droit d'opposition et de retrait quant \u00e0 vos renseignements personnels.<br \/>\nLe droit d'opposition s'entend comme \u00e9tant la possibilit\u00e9 offerte aux internautes de refuser que leurs renseignements personnels soient utilis\u00e9es \u00e0 certaines fins mentionn\u00e9es lors de la collecte.<\/p>\n<p>Le droit de retrait s'entend comme \u00e9tant la possibilit\u00e9 offerte aux internautes de demander \u00e0 ce que leurs renseignements personnels ne figurent plus, par exemple, dans une liste de diffusion.<\/p>\n<p>Pour pouvoir exercer ces droits, vous pouvez le faire par :<br \/>\nCourrier postal \u00e0 cette adresse : Rue Nou Pr\u00e9 n\u00b0 10 - B-5630 CERFONTAINE<br \/>\nCourriel \u00e0 cette adresse : <a href=\"mailto:info@mbt-sprl.be\">info@fveh.be<\/a><br \/>\nT\u00e9l\u00e9phone au: 0032 496 47 25 98<br \/>\nSection du site web : <a href=\"http:\/\/www.fveh.be\/\">http:\/\/www.fveh.be\/<\/a><\/p>\n<h2>Droit d'acc\u00e8s<\/h2>\n<p>Nous nous engageons \u00e0 reconna\u00eetre un droit d'acc\u00e8s et de rectification aux personnes concern\u00e9es d\u00e9sireuses de consulter, modifier, voire radier les informations les concernant.<\/p>\n<p>L'exercice de ce droit se fera par :<br \/>\nCourrier postal \u00e0 cette adresse : Rue Nou Pr\u00e9 n\u00b0 10 - B-5630 CERFONTAINE<br \/>\nCourriel \u00e0 cette adresse : <a href=\"mailto:info@mbt-sprl.be\">info@fveh.be<\/a><br \/>\nT\u00e9l\u00e9phone au: 0032 496 47 25 98<br \/>\nSection du site web : <a href=\"http:\/\/www.fveh.be\/\">http:\/\/www.mbt-sprl.be\/<\/a><\/p>\n<h2>S\u00e9curit\u00e9<\/h2>\n<p>Les renseignements personnels que nous collectons sont conserv\u00e9s dans un environnement s\u00e9curis\u00e9. Les personnes travaillant pour nous sont tenues de respecter la confidentialit\u00e9 de vos informations.<br \/>\nPour assurer la s\u00e9curit\u00e9 de vos renseignements personnels, nous avons recours aux mesures suivantes :<\/p>\n<ul>\n<li>Protocole SSL (Secure Sockets Layer)<\/li>\n<li>Gestion des acc\u00e8s - personne autoris\u00e9e<\/li>\n<li>Sauvegarde informatique<\/li>\n<li>Identifiant \/ mot de passe<\/li>\n<li>Pare-feu (Firewalls)<\/li>\n<\/ul>\n<p>Nous nous engageons \u00e0 maintenir un haut degr\u00e9 de confidentialit\u00e9 en int\u00e9grant les derni\u00e8res innovations technologiques permettant d'assurer la confidentialit\u00e9 de vos transactions. Toutefois, comme aucun m\u00e9canisme n'offre une s\u00e9curit\u00e9 maximale, une part de risque est toujours pr\u00e9sente lorsque l'on utilise Internet pour transmettre des renseignements personnels.<\/p>\n<h2>L\u00e9gislation<\/h2>\n<p>Nous nous engageons \u00e0 respecter les dispositions l\u00e9gislatives \u00e9nonc\u00e9es par la l\u00e9gislation Europ\u00e9enne.<\/p>\n<\/div><\/div><\/div><\/div><\/div>","protected":false},"excerpt":{"rendered":"<p>&nbsp; &nbsp; Introduction Devant le d\u00e9veloppement des nouveaux outils de communication, il est n\u00e9cessaire de porter une attention particuli\u00e8re \u00e0 la protection de la vie priv\u00e9e. C&rsquo;est pourquoi, nous nous engageons \u00e0 respecter la confidentialit\u00e9 des renseignements personnels que nous collectons. Collecte des renseignements personnels Nous collectons les renseignements suivants : Nom Pr\u00e9nom Adresse postale <a class=\"read-more-link\" href=\"https:\/\/www.fveh.be\/?page_id=128\">Lire la suite&#8230;<\/a><\/p>\n","protected":false},"author":2,"featured_media":0,"parent":96,"menu_order":0,"comment_status":"closed","ping_status":"closed","template":"template-builder-page.php","meta":{"_acf_changed":false,"jetpack_post_was_ever_published":false,"footnotes":""},"class_list":["post-128","page","type-page","status-publish","hentry"],"acf":[],"jetpack_sharing_enabled":true,"jetpack_shortlink":"https:\/\/wp.me\/PaRd9Q-24","_links":{"self":[{"href":"https:\/\/www.fveh.be\/index.php?rest_route=\/wp\/v2\/pages\/128","targetHints":{"allow":["GET"]}}],"collection":[{"href":"https:\/\/www.fveh.be\/index.php?rest_route=\/wp\/v2\/pages"}],"about":[{"href":"https:\/\/www.fveh.be\/index.php?rest_route=\/wp\/v2\/types\/page"}],"author":[{"embeddable":true,"href":"https:\/\/www.fveh.be\/index.php?rest_route=\/wp\/v2\/users\/2"}],"replies":[{"embeddable":true,"href":"https:\/\/www.fveh.be\/index.php?rest_route=%2Fwp%2Fv2%2Fcomments&post=128"}],"version-history":[{"count":5,"href":"https:\/\/www.fveh.be\/index.php?rest_route=\/wp\/v2\/pages\/128\/revisions"}],"predecessor-version":[{"id":135,"href":"https:\/\/www.fveh.be\/index.php?rest_route=\/wp\/v2\/pages\/128\/revisions\/135"}],"up":[{"embeddable":true,"href":"https:\/\/www.fveh.be\/index.php?rest_route=\/wp\/v2\/pages\/96"}],"wp:attachment":[{"href":"https:\/\/www.fveh.be\/index.php?rest_route=%2Fwp%2Fv2%2Fmedia&parent=128"}],"curies":[{"name":"wp","href":"https:\/\/api.w.org\/{rel}","templated":true}]}}