{"id":1147,"date":"2020-02-20T11:06:32","date_gmt":"2020-02-20T11:06:32","guid":{"rendered":"http:\/\/fveh.be\/?page_id=1147"},"modified":"2026-04-10T09:13:00","modified_gmt":"2026-04-10T09:13:00","slug":"qui-sommes-nous-2-2","status":"publish","type":"page","link":"https:\/\/www.fveh.be\/?page_id=1147","title":{"rendered":"Foire Verte de l&rsquo;Eau d&rsquo;Heure &#8211; Les 1 et 2 Ao\u00fbt 2026"},"content":{"rendered":"<div id=\"pl-1147\"  class=\"panel-layout\" ><div id=\"pg-1147-0\"  class=\"panel-grid panel-no-style\" ><div id=\"pgc-1147-0-0\"  class=\"panel-grid-cell\" ><div id=\"panel-1147-0-0-0\" class=\"so-panel widget widget_black-studio-tinymce widget_black_studio_tinymce panel-first-child panel-last-child\" data-index=\"0\" ><div class=\"textwidget\"><p><span style=\"color: #ffffff;\">.<\/span><br \/>\n<span style=\"color: #ffffff;\">.<\/span><br \/>\n<span style=\"color: #ffffff;\">.<\/span><\/p>\n<p><\/p>\n<p>&nbsp;<\/p>\n<p>&nbsp;<\/p>\n<p>&nbsp;<\/p>\n<p>&nbsp;<\/p>\n<p style=\"text-align: center;\"><span style=\"color: #339966;\"><strong>Vous souhaitez r\u00e9server un stand ?<\/strong><\/span><br \/>\n<span style=\"color: #339966;\"><strong>Faites-le d\u00e8s \u00e0 pr\u00e9sent au moyen du formulaire repris dans le menu sous <\/strong><\/span><br \/>\n<span style=\"color: #339966;\"><strong>\"Espace Exposant\".<\/strong><\/span><\/p>\n<\/div><\/div><\/div><div id=\"pgc-1147-0-1\"  class=\"panel-grid-cell\" ><div id=\"panel-1147-0-1-0\" class=\"so-panel widget widget_black-studio-tinymce widget_black_studio_tinymce panel-first-child panel-last-child\" data-index=\"1\" ><div class=\"textwidget\"><p style=\"text-align: justify;\"><span style=\"color: #ffffff;\">.<\/span><\/p>\n<h2><span style=\"text-decoration: underline;\"><strong>La Foire Verte<\/strong><\/span><\/h2>\n<h4 class=\"article__title\" style=\"text-align: justify;\"><strong><span style=\"text-decoration: underline;\">Eco-Vitrine de la Nature, des Terroirs et des Artisans<\/span><\/strong><\/h4>\n<p class=\"article__intro\" style=\"text-align: justify;\">Pour notre 33\u00e8me \u00e9dition, rendez-vous les 1 et 2 Ao\u00fbt 2026 pour une nouvelle formule de la Foire Verte.\u00a0 A vos agendas !<\/p>\n<p class=\"article__intro\" style=\"text-align: justify;\">De nombreux exposants et visiteurs seront attendus \u00e0 Cerfontaine, aux Lacs de l'Eau d'Heure comme par le pass\u00e9.<\/p>\n<p style=\"text-align: justify;\">Et comme cela s\u2019est fait d\u00e9j\u00e0 depuis quelques ann\u00e9es, c\u2019est le site du moulin et de l\u2019ancien terrain de football qui servira de cadre \u00e0 cette grande manifestation.<\/p>\n<h4 style=\"text-align: justify;\"><span style=\"text-decoration: underline;\"><strong>Eco-Responsable<\/strong><\/span><\/h4>\n<p style=\"text-align: justify;\">L'\u00e9v\u00e9nement \"Eco-Responsable\" propose la rencontre de producteurs et artisans locaux mettant en valeur la protection de la nature, les \u00e9nergies renouvelables, l'\u00e9co-construction et les produits d'art et de bouche (terroir, circuit court et Bio).<\/p>\n<h4 style=\"text-align: justify;\"><b><span style=\"text-decoration: underline;\">Incontournable !<\/span> :<\/b><\/h4>\n<p style=\"text-align: justify;\">La Foire Verte est le rendez-vous estival incontournable aux Lacs de l'Eau d'Heure, pour d\u00e9couvrir au travers d'ateliers, d'expositions, de d\u00e9monstrations et de concours ;<\/p>\n<ul>\n<li style=\"text-align: justify;\">Les \u00e9leveurs et clubs passionn\u00e9s de chevaux, de petits \u00e9levages, d'\u00e9leveurs de chiens...<\/li>\n<li>Les m\u00e9tiers \"ancestraux\" de la ferme (moisson, \u00e9co-p\u00e2turages, sabots, etc...)<\/li>\n<\/ul>\n<h4 style=\"text-align: justify;\"><b><span style=\"text-decoration: underline;\">D\u00e9couverte du site Eco-Vitrine<\/span>\u00a0:<\/b><\/h4>\n<p>Des balades nature \"anim\u00e9es\", \u00e0 pied ou en char \u00e0 banc avec chevaux de traits sont organis\u00e9es sur le site et pr\u00e8s du Lac de Falemprise.<\/p>\n<p style=\"text-align: left;\">En r\u00e9sum\u00e9, la Foire Verte est une f\u00eate champ\u00eatre, familiale... Tout en musique et animation folklorique.<\/p>\n<\/div><\/div><\/div><\/div><div id=\"pg-1147-1\"  class=\"panel-grid panel-no-style\" ><div id=\"pgc-1147-1-0\"  class=\"panel-grid-cell panel-grid-cell-empty panel-grid-cell-mobile-last\" ><\/div><div id=\"pgc-1147-1-1\"  class=\"panel-grid-cell panel-grid-cell-empty\" ><\/div><\/div><\/div>","protected":false},"excerpt":{"rendered":"<p>. . . &nbsp; &nbsp; &nbsp; &nbsp; Vous souhaitez r\u00e9server un stand ? Faites-le d\u00e8s \u00e0 pr\u00e9sent au moyen du formulaire repris dans le menu sous \u00ab\u00a0Espace Exposant\u00a0\u00bb. . La Foire Verte Eco-Vitrine de la Nature, des Terroirs et des Artisans Pour notre 33\u00e8me \u00e9dition, rendez-vous les 1 et 2 Ao\u00fbt 2026 pour une nouvelle <a class=\"read-more-link\" href=\"https:\/\/www.fveh.be\/?page_id=1147\">Lire la suite&#8230;<\/a><\/p>\n","protected":false},"author":2,"featured_media":0,"parent":0,"menu_order":0,"comment_status":"closed","ping_status":"closed","template":"template-builder-page.php","meta":{"_acf_changed":false,"jetpack_post_was_ever_published":false,"footnotes":""},"class_list":["post-1147","page","type-page","status-publish","hentry"],"acf":[],"jetpack_sharing_enabled":true,"jetpack_shortlink":"https:\/\/wp.me\/PaRd9Q-iv","_links":{"self":[{"href":"https:\/\/www.fveh.be\/index.php?rest_route=\/wp\/v2\/pages\/1147","targetHints":{"allow":["GET"]}}],"collection":[{"href":"https:\/\/www.fveh.be\/index.php?rest_route=\/wp\/v2\/pages"}],"about":[{"href":"https:\/\/www.fveh.be\/index.php?rest_route=\/wp\/v2\/types\/page"}],"author":[{"embeddable":true,"href":"https:\/\/www.fveh.be\/index.php?rest_route=\/wp\/v2\/users\/2"}],"replies":[{"embeddable":true,"href":"https:\/\/www.fveh.be\/index.php?rest_route=%2Fwp%2Fv2%2Fcomments&post=1147"}],"version-history":[{"count":13,"href":"https:\/\/www.fveh.be\/index.php?rest_route=\/wp\/v2\/pages\/1147\/revisions"}],"predecessor-version":[{"id":2024,"href":"https:\/\/www.fveh.be\/index.php?rest_route=\/wp\/v2\/pages\/1147\/revisions\/2024"}],"wp:attachment":[{"href":"https:\/\/www.fveh.be\/index.php?rest_route=%2Fwp%2Fv2%2Fmedia&parent=1147"}],"curies":[{"name":"wp","href":"https:\/\/api.w.org\/{rel}","templated":true}]}}