{"id":1100,"date":"2019-11-08T14:00:16","date_gmt":"2019-11-08T14:00:16","guid":{"rendered":"http:\/\/fveh.be\/?page_id=1100"},"modified":"2025-01-28T08:49:17","modified_gmt":"2025-01-28T08:49:17","slug":"foire-verte-de-leau-dheure-conditions-generales-de-participation-2","status":"publish","type":"page","link":"https:\/\/www.fveh.be\/?page_id=1100","title":{"rendered":"Conditions G\u00e9n\u00e9rales de Participation \u00ab\u00a0March\u00e9 de No\u00ebl\u00a0\u00bb"},"content":{"rendered":"<div id=\"pl-1100\"  class=\"panel-layout\" ><div id=\"pg-1100-0\"  class=\"panel-grid panel-no-style\" ><div id=\"pgc-1100-0-0\"  class=\"panel-grid-cell panel-grid-cell-empty panel-grid-cell-mobile-last\" ><\/div><div id=\"pgc-1100-0-1\"  class=\"panel-grid-cell panel-grid-cell-empty\" ><\/div><\/div><div id=\"pg-1100-1\"  class=\"panel-grid panel-no-style\" ><div id=\"pgc-1100-1-0\"  class=\"panel-grid-cell\" ><div id=\"panel-1100-1-0-0\" class=\"so-panel widget widget_black-studio-tinymce widget_black_studio_tinymce panel-first-child panel-last-child\" data-index=\"0\" ><div class=\"textwidget\"><p><img loading=\"lazy\" decoding=\"async\" class=\"wp-image-221 aligncenter\" src=\"https:\/\/www.fveh.be\/wp-content\/uploads\/2019\/03\/CGV-300x288.jpg\" alt=\"\" width=\"210\" height=\"201\" srcset=\"https:\/\/www.fveh.be\/wp-content\/uploads\/2019\/03\/CGV-300x288.jpg 300w, https:\/\/www.fveh.be\/wp-content\/uploads\/2019\/03\/CGV-555x533.jpg 555w, https:\/\/www.fveh.be\/wp-content\/uploads\/2019\/03\/CGV.jpg 600w\" sizes=\"auto, (max-width: 210px) 100vw, 210px\" \/><\/p>\n<p style=\"text-align: center;\"><a href=\"https:\/\/www.fveh.be\/?page_id=1086\" target=\"_blank\" rel=\"noopener\"><span style=\"font-size: 12pt;\">Vers le Formulaire de Participation<\/span><\/a><\/p>\n<p style=\"text-align: center;\"><a href=\"https:\/\/www.fveh.be\/?page_id=1090\" target=\"_blank\" rel=\"noopener\"><span style=\"font-size: 12pt;\">Vers le Tarif<\/span><\/a><\/p>\n<\/div><\/div><\/div><div id=\"pgc-1100-1-1\"  class=\"panel-grid-cell\" ><div id=\"panel-1100-1-1-0\" class=\"so-panel widget widget_black-studio-tinymce widget_black_studio_tinymce panel-first-child panel-last-child\" data-index=\"1\" ><h3 class=\"widget-title\">March\u00e9 de No\u00ebl 2025<\/h3><div class=\"textwidget\"><ol>\n<li><span class=\"fontstyle0\">L\u2019ASBL Foire Verte se r\u00e9serve le droit d\u2019accepter toute soci\u00e9t\u00e9 ou particulier dont les activit\u00e9s sont jug\u00e9es int\u00e9ressantes pour rencontrer les objectifs de l'\u00e9v\u00e9nement.<\/span><\/li>\n<li style=\"text-align: justify;\"><span class=\"fontstyle0\">Les inscriptions sont prises en compte <\/span><strong><span class=\"fontstyle2\">au fur \u00e0 mesure <\/span><\/strong><span class=\"fontstyle0\">et <span style=\"text-decoration: underline; color: #ff0000;\">id\u00e9alement d\u00e8s que possible<\/span> et dans les limites des emplacements disponibles.<\/span><\/li>\n<li style=\"text-align: justify;\"><span class=\"fontstyle0\">L'implantation des stands est du ressort exclusif de l'ASBL<\/span><\/li>\n<li style=\"text-align: justify;\"><span class=\"fontstyle0\">Le stand doit \u00eatre d\u00e9cor\u00e9 en \"Ambiance de No\u00ebl\"<\/span><\/li>\n<li style=\"text-align: justify;\"><span style=\"color: #ff0000;\"><strong><span style=\"text-decoration: underline;\"><span class=\"fontstyle2\">La r\u00e9servation <\/span><span class=\"fontstyle0\">n\u2019est effective qu\u2019apr\u00e8s r\u00e9ception du total de la location sur le compte de l'ASBL<\/span><span class=\"fontstyle2\">\u00a0!<\/span><\/span><\/strong><\/span><\/li>\n<li style=\"text-align: justify;\"><span class=\"fontstyle0\">L'exposant pour \u00eatre accept\u00e9 ne doit pas avoir de dettes ou de litiges avec l'ASBL Foire Verte.<\/span><\/li>\n<li style=\"text-align: justify;\"><span class=\"fontstyle2\"><strong><span style=\"text-decoration: underline;\">Obligations et droits de l'exposant<\/span> :<\/strong><br \/>\n<\/span><span class=\"fontstyle0\">Le non-r\u00e8glement du montant de la totalit\u00e9 de la participation entra\u00eene l'annulation du droit \u00e0 disposer de l'emplacement attribu\u00e9, et ce sans donner lieu \u00e0 aucun remboursement des sommes d\u00e9j\u00e0 vers\u00e9es, ni \u00e0 aucune indemnit\u00e9.<\/span><\/li>\n<li style=\"text-align: justify;\"><span class=\"fontstyle0\">Toute <\/span><strong><span class=\"fontstyle2\">annulatio<\/span><\/strong><span class=\"fontstyle0\"><strong>n<\/strong> de la part d'un exposant doit faire l'objet d'une lettre recommand\u00e9e 15 jours calendrier avant le 01\/12.<\/span><\/li>\n<li style=\"text-align: justify;\"><span class=\"fontstyle0\">Il est <\/span><span class=\"fontstyle2\"><strong>interdit<\/strong> <\/span><span class=\"fontstyle0\">aux exposants d'exposer et vendre des biens non-conformes aux r\u00e9glementations en vigueur (registre de commerce, AFSCA,..) voire des biens qui ne leur appartiennent pas, ou distribu\u00e9s par des soci\u00e9t\u00e9s dont la participation n'est pas retenue par l'ASBL.<\/span><\/li>\n<li style=\"text-align: justify;\"><span class=\"fontstyle2\"><span style=\"text-decoration: underline;\"><strong>Obligations et droits sp\u00e9cifiques<\/strong><\/span> :<br \/>\n<\/span><span class=\"fontstyle0\">L'attribution des stands est faite en respectant au maximum les voeux exprim\u00e9s par les exposants. Dans le cas de demandes similaires, priorit\u00e9 sera donn\u00e9e selon la date de r\u00e9servation. En cas de n\u00e9cessit\u00e9, l'ASBL se r\u00e9serve le droit de modifier l'implantation des stands et ceci sans aucun d\u00e9dommagement.<\/span><\/li>\n<li style=\"text-align: justify;\"><span class=\"fontstyle2\"><strong><span style=\"text-decoration: underline;\">Installations<\/span><\/strong> :\u00a0 <\/span><span class=\"fontstyle0\">Les stands sont mis \u00e0 disposition d\u00e8s le samedi \u00e0 partir de 07h00'<\/span><\/li>\n<li style=\"text-align: justify;\"><span class=\"fontstyle2\"><span style=\"text-decoration: underline;\"><strong>D\u00e9parts<\/strong><\/span> : <\/span><span class=\"fontstyle0\">Pas avant 18h00'.<\/span><\/li>\n<li style=\"text-align: justify;\"><span style=\"text-decoration: underline;\"><strong><span class=\"fontstyle2\">D\u00e9chets <\/span><\/strong><\/span><span class=\"fontstyle2\">: <\/span><span class=\"fontstyle0\"><span style=\"color: #ff0000;\">Les stands sont rendus propres, exempts d'emballages et de d\u00e9chets !\u00a0 En cas de non respect, la caution ne sera pas rendue, voire une amende sera \u00e9tablie !<\/span><\/span><\/li>\n<li style=\"text-align: justify;\"><span class=\"fontstyle2\"><strong><span style=\"text-decoration: underline;\">Assurance, douane, et manutention<\/span><\/strong> :<br \/>\nC<\/span><span class=\"fontstyle0\">haque exposant est tenu de souscrire, \u00e0 ses propres frais, toutes assurances et autorisations, voire caution n\u00e9cessaire \u00e0 son activit\u00e9. Les mat\u00e9riels expos\u00e9s, les risques que lui-m\u00eame et son personnel encourent, pendant la foire, lors du montage ou du d\u00e9montage sont de la responsabilit\u00e9 de l'exposant. Un justificatif pourra \u00eatre r\u00e9clam\u00e9. <span style=\"color: #ff0000;\">L'ASBL est exon\u00e9r\u00e9e de toutes responsabilit\u00e9s concernant les pr\u00e9judices<\/span> (y compris les vols, les troubles de jouissance et tous pr\u00e9judices commerciaux) qui pourraient \u00eatre subis par l'exposant. Il appartiendra \u00e0 chaque exposant d'accomplir les formalit\u00e9s douani\u00e8res, sanitaires et commerciales l\u00e9gales pour exercer ses activit\u00e9s.<\/span><\/li>\n<li style=\"text-align: justify;\"><span class=\"fontstyle2\"><span style=\"text-decoration: underline;\"><strong>Limitation des responsabilit\u00e9s<\/strong><\/span> : <\/span><span class=\"fontstyle0\">S'il devenait impossible de disposer des emplacements pour une cause non imputable \u00e0 l'ASBL, pour cause de force majeure (cataclysme, \u00e9meute, gr\u00e8ve, probl\u00e8me sanitaire, ..) aucun d\u00e9dommagement ne sera pr\u00e9vu aux exposants.<\/span><\/li>\n<li style=\"text-align: justify;\"><span class=\"fontstyle2\"><strong><span style=\"text-decoration: underline;\">Juridiction<\/span><\/strong> : <\/span><span class=\"fontstyle0\">Les conditions ci-\u00e9nonc\u00e9es ne sont pas exhaustives par rapport au respect des r\u00e9glementations d'ordinaire en vigueur pour l'exposant et ses activit\u00e9s. En cas de contestation ou de litige, les tribunaux de Dinant sont seuls comp\u00e9tents.<\/span><\/li>\n<\/ol>\n<p>&nbsp;<\/p>\n<\/div><\/div><\/div><\/div><\/div>","protected":false},"excerpt":{"rendered":"<p>Vers le Formulaire de Participation Vers le Tarif L\u2019ASBL Foire Verte se r\u00e9serve le droit d\u2019accepter toute soci\u00e9t\u00e9 ou particulier dont les activit\u00e9s sont jug\u00e9es int\u00e9ressantes pour rencontrer les objectifs de l&rsquo;\u00e9v\u00e9nement. Les inscriptions sont prises en compte au fur \u00e0 mesure et id\u00e9alement d\u00e8s que possible et dans les limites des emplacements disponibles. L&rsquo;implantation <a class=\"read-more-link\" href=\"https:\/\/www.fveh.be\/?page_id=1100\">Lire la suite&#8230;<\/a><\/p>\n","protected":false},"author":2,"featured_media":0,"parent":333,"menu_order":0,"comment_status":"closed","ping_status":"closed","template":"template-builder-page.php","meta":{"_acf_changed":false,"jetpack_post_was_ever_published":false,"footnotes":""},"class_list":["post-1100","page","type-page","status-publish","hentry"],"acf":[],"jetpack_sharing_enabled":true,"jetpack_shortlink":"https:\/\/wp.me\/PaRd9Q-hK","_links":{"self":[{"href":"https:\/\/www.fveh.be\/index.php?rest_route=\/wp\/v2\/pages\/1100","targetHints":{"allow":["GET"]}}],"collection":[{"href":"https:\/\/www.fveh.be\/index.php?rest_route=\/wp\/v2\/pages"}],"about":[{"href":"https:\/\/www.fveh.be\/index.php?rest_route=\/wp\/v2\/types\/page"}],"author":[{"embeddable":true,"href":"https:\/\/www.fveh.be\/index.php?rest_route=\/wp\/v2\/users\/2"}],"replies":[{"embeddable":true,"href":"https:\/\/www.fveh.be\/index.php?rest_route=%2Fwp%2Fv2%2Fcomments&post=1100"}],"version-history":[{"count":11,"href":"https:\/\/www.fveh.be\/index.php?rest_route=\/wp\/v2\/pages\/1100\/revisions"}],"predecessor-version":[{"id":1101,"href":"https:\/\/www.fveh.be\/index.php?rest_route=\/wp\/v2\/pages\/1100\/revisions\/1101"}],"up":[{"embeddable":true,"href":"https:\/\/www.fveh.be\/index.php?rest_route=\/wp\/v2\/pages\/333"}],"wp:attachment":[{"href":"https:\/\/www.fveh.be\/index.php?rest_route=%2Fwp%2Fv2%2Fmedia&parent=1100"}],"curies":[{"name":"wp","href":"https:\/\/api.w.org\/{rel}","templated":true}]}}