{"id":1060,"date":"2019-10-04T08:39:39","date_gmt":"2019-10-04T08:39:39","guid":{"rendered":"http:\/\/fveh.be\/?page_id=1060"},"modified":"2019-10-04T08:40:13","modified_gmt":"2019-10-04T08:40:13","slug":"programme-2018-2-2-2-2-7","status":"publish","type":"page","link":"https:\/\/www.fveh.be\/?page_id=1060","title":{"rendered":"Album \u00ab\u00a0Exposants\u00a0\u00bb 2019"},"content":{"rendered":"<div id=\"pl-1060\"  class=\"panel-layout\" ><div id=\"pg-1060-0\"  class=\"panel-grid panel-no-style\" ><div id=\"pgc-1060-0-0\"  class=\"panel-grid-cell\" ><div id=\"panel-1060-0-0-0\" class=\"so-panel widget widget_black-studio-tinymce widget_black_studio_tinymce panel-first-child panel-last-child\" data-index=\"0\" ><div class=\"textwidget\"><h4><span style=\"color: #ffffff;\">.<\/span><\/h4>\n<h4 style=\"text-align: center;\"><strong>Certains d'entre-vous se souviendront avoir \u00e9t\u00e9 pr\u00e9sents !<br \/>\nVous n'avez jamais visit\u00e9 notre Foire Verte ?\u00a0 Ces albums photos vous donneront des envies de visite !<\/strong><\/h4>\n<\/div><\/div><\/div><\/div><div id=\"pg-1060-1\"  class=\"panel-grid panel-no-style\" ><div id=\"pgc-1060-1-0\"  class=\"panel-grid-cell\" ><div id=\"panel-1060-1-0-0\" class=\"so-panel widget widget_black-studio-tinymce widget_black_studio_tinymce panel-first-child panel-last-child\" data-index=\"1\" ><div class=\"textwidget\"><p style=\"text-align: center;\"><\/p>\n<\/div><\/div><\/div><\/div><\/div>","protected":false},"excerpt":{"rendered":"<p>. Certains d&rsquo;entre-vous se souviendront avoir \u00e9t\u00e9 pr\u00e9sents ! Vous n&rsquo;avez jamais visit\u00e9 notre Foire Verte ?\u00a0 Ces albums photos vous donneront des envies de visite !<\/p>\n","protected":false},"author":2,"featured_media":0,"parent":808,"menu_order":0,"comment_status":"closed","ping_status":"closed","template":"template-builder-page.php","meta":{"_acf_changed":false,"jetpack_post_was_ever_published":false,"footnotes":""},"class_list":["post-1060","page","type-page","status-publish","hentry"],"acf":[],"jetpack_sharing_enabled":true,"jetpack_shortlink":"https:\/\/wp.me\/PaRd9Q-h6","_links":{"self":[{"href":"https:\/\/www.fveh.be\/index.php?rest_route=\/wp\/v2\/pages\/1060","targetHints":{"allow":["GET"]}}],"collection":[{"href":"https:\/\/www.fveh.be\/index.php?rest_route=\/wp\/v2\/pages"}],"about":[{"href":"https:\/\/www.fveh.be\/index.php?rest_route=\/wp\/v2\/types\/page"}],"author":[{"embeddable":true,"href":"https:\/\/www.fveh.be\/index.php?rest_route=\/wp\/v2\/users\/2"}],"replies":[{"embeddable":true,"href":"https:\/\/www.fveh.be\/index.php?rest_route=%2Fwp%2Fv2%2Fcomments&post=1060"}],"version-history":[{"count":1,"href":"https:\/\/www.fveh.be\/index.php?rest_route=\/wp\/v2\/pages\/1060\/revisions"}],"predecessor-version":[{"id":1061,"href":"https:\/\/www.fveh.be\/index.php?rest_route=\/wp\/v2\/pages\/1060\/revisions\/1061"}],"up":[{"embeddable":true,"href":"https:\/\/www.fveh.be\/index.php?rest_route=\/wp\/v2\/pages\/808"}],"wp:attachment":[{"href":"https:\/\/www.fveh.be\/index.php?rest_route=%2Fwp%2Fv2%2Fmedia&parent=1060"}],"curies":[{"name":"wp","href":"https:\/\/api.w.org\/{rel}","templated":true}]}}